{"id":4765,"date":"2022-12-31T11:03:05","date_gmt":"2022-12-31T16:03:05","guid":{"rendered":"http:\/\/www.agricadvisors.com\/?page_id=4765"},"modified":"2025-02-28T07:52:12","modified_gmt":"2025-02-28T12:52:12","slug":"igrow-mobile-app","status":"publish","type":"page","link":"https:\/\/www.agricadvisors.com\/fr\/igrow-mobile-app\/","title":{"rendered":"Application iGrow"},"content":{"rendered":"<div id=\"pl-4765\"  class=\"panel-layout\" ><div id=\"pg-4765-0\"  class=\"panel-grid panel-has-style\" ><div class=\"siteorigin-panels-stretch panel-row-style panel-row-style-for-4765-0\" style=\"background-image: url(https:\/\/www.agricadvisors.com\/wp-content\/uploads\/2022\/12\/Service-Services-agronomiques-1-scaled.jpg);padding: 100px 0; \" data-stretch-type=\"full\" data-hasbg=\"hasbg\" data-overlay=\"true\" data-overlay-color=\"#000000\" ><div id=\"pgc-4765-0-0\"  class=\"panel-grid-cell\" ><div id=\"panel-4765-0-0-0\" class=\"so-panel widget_sow-editor panel-first-child\" data-index=\"0\" ><div style=\"text-align: left;\" data-title-color=\"#ffffff\" data-headings-color=\"#ffffff\" class=\"panel-widget-style panel-widget-style-for-4765-0-0-0\" ><div\n\t\t\t\n\t\t\tclass=\"so-widget-sow-editor so-widget-sow-editor-base\"\n\t\t\t\n\t\t><h3 class=\"widget-title\">L'application mobile iGrow by AgricAdvisors<\/h3>\n<div class=\"siteorigin-widget-tinymce textwidget\">\n\t<h4 style=\"text-align: center;\">VOTRE SOLUTION AGRITECH INTELLIGENTE POUR UNE PROTECTION EFFICACE DES CULTURES<\/h4>\n<\/div>\n<\/div><\/div><\/div><div id=\"panel-4765-0-0-1\" class=\"so-panel widget_sydney_action sydney_action_widget panel-last-child\" data-index=\"1\" ><div style=\"text-align: left;\" data-title-color=\"#443f3f\" data-headings-color=\"#443f3f\" class=\"panel-widget-style panel-widget-style-for-4765-0-0-1\" >        <div class=\"roll-promobox\">\r\n\t\t\t<div class=\"promo-wrap\">\r\n\t\t\t\t\t\t\t\t<div class=\"promo-controls\">\r\n\t\t\t\t\t<a href=\"https:\/\/www.agricadvisors.com\/igrow-mobile-app\/#primary\" class=\"roll-button border\">En savoir plus<\/a>\r\n\t\t\t\t<\/div>\r\n\t\t\t<\/div>\r\n        <\/div>\r\n\t<\/div><\/div><\/div><\/div><\/div><div id=\"pg-4765-1\"  class=\"panel-grid panel-has-style\" ><div class=\"siteorigin-panels-stretch mob-pad-15 panel-row-style panel-row-style-for-4765-1\" style=\"padding: 40px 0; \" id=\"iGrow-app\" data-stretch-type=\"full\" data-overlay=\"true\" data-overlay-color=\"#000000\" ><div id=\"pgc-4765-1-0\"  class=\"panel-grid-cell\" ><div id=\"panel-4765-1-0-0\" class=\"so-panel widget_sow-editor panel-first-child\" data-index=\"2\" ><div style=\"text-align: left;\" data-title-color=\"#443f3f\" data-headings-color=\"#443f3f\" class=\"panel-widget-style panel-widget-style-for-4765-1-0-0\" ><div\n\t\t\t\n\t\t\tclass=\"so-widget-sow-editor so-widget-sow-editor-base\"\n\t\t\t\n\t\t><h3 class=\"widget-title\">VOTRE OUTIL DE PROTECTION DES CULTURES<\/h3>\n<div class=\"siteorigin-widget-tinymce textwidget\">\n\t<p>De quel probl\u00e8me souffrent mes cultures ? Dois-je utiliser un pesticide ? Quel pesticide dois-je utiliser ? Comment utiliser le pesticide s\u00e9lectionn\u00e9 ? O\u00f9 puis-je acheter le pesticide que je recherche ?<\/p>\n<p><a href=\"https:\/\/play.google.com\/store\/apps\/details?id=com.app.igrow\"><strong>L'application mobile iGrow by AgricAdvisors<\/strong><\/a> vous permet de :<\/p>\n<ul>\n<li>Identifier les probl\u00e8mes de protection des cultures<\/li>\n<li>Acc\u00e9dez facilement aux informations sur les pesticides homologu\u00e9s<\/li>\n<li>Identifiez les points de vente de pesticides dans votre r\u00e9gion<\/li>\n<li>En savoir plus sur la protection durable des cultures et les m\u00e9thodes alternatives aux pesticides<\/li>\n<li>Rester inform\u00e9 des actualit\u00e9s sur la protection des cultures<\/li>\n<li>Saisir les opportunit\u00e9s professionnelles<\/li>\n<li>Et bien plus encore\u2026<\/li>\n<\/ul>\n<\/div>\n<\/div><\/div><\/div><div id=\"panel-4765-1-0-1\" class=\"so-panel widget_sydney_action sydney_action_widget panel-last-child\" data-index=\"3\" ><div style=\"text-align: left;\" data-title-color=\"#443f3f\" data-headings-color=\"#443f3f\" class=\"panel-widget-style panel-widget-style-for-4765-1-0-1\" >        <div class=\"roll-promobox\">\r\n\t\t\t<div class=\"promo-wrap\">\r\n\t\t\t\t\t\t\t\t<div class=\"promo-controls\">\r\n\t\t\t\t\t<a href=\"https:\/\/play.google.com\/store\/apps\/details?id=com.app.igrow\" class=\"roll-button border\">T\u00e9l\u00e9charger<\/a>\r\n\t\t\t\t<\/div>\r\n\t\t\t<\/div>\r\n        <\/div>\r\n\t<\/div><\/div><\/div><div id=\"pgc-4765-1-1\"  class=\"panel-grid-cell\" ><div id=\"panel-4765-1-1-0\" class=\"so-panel widget_sow-image panel-first-child panel-last-child\" data-index=\"4\" ><div style=\"text-align: left;\" data-title-color=\"#443f3f\" data-headings-color=\"#443f3f\" class=\"panel-widget-style panel-widget-style-for-4765-1-1-0\" ><div\n\t\t\t\n\t\t\tclass=\"so-widget-sow-image so-widget-sow-image-default-8b5b6f678277-4765\"\n\t\t\t\n\t\t>\n\n<div class=\"sow-image-container\">\n\t\t\t<a href=\"https:\/\/play.google.com\/store\/apps\/details?id=com.app.igrow\"\n\t\t\ttarget=\"_blank\" rel=\"noopener noreferrer\" \t\t>\n\t\t\t<img src=\"https:\/\/www.agricadvisors.com\/wp-content\/uploads\/2023\/09\/9.png\" width=\"1000\" height=\"1000\" srcset=\"https:\/\/www.agricadvisors.com\/wp-content\/uploads\/2023\/09\/9.png 1000w, https:\/\/www.agricadvisors.com\/wp-content\/uploads\/2023\/09\/9-300x300.png 300w, https:\/\/www.agricadvisors.com\/wp-content\/uploads\/2023\/09\/9-150x150.png 150w, https:\/\/www.agricadvisors.com\/wp-content\/uploads\/2023\/09\/9-768x768.png 768w, https:\/\/www.agricadvisors.com\/wp-content\/uploads\/2023\/09\/9-230x230.png 230w, https:\/\/www.agricadvisors.com\/wp-content\/uploads\/2023\/09\/9-350x350.png 350w, https:\/\/www.agricadvisors.com\/wp-content\/uploads\/2023\/09\/9-480x480.png 480w\" sizes=\"(max-width: 1000px) 100vw, 1000px\" title=\"How iGrow app works\" alt=\"How iGrow app works\" loading=\"lazy\" \t\tclass=\"so-widget-image\"\/>\n\t<\/a><\/div>\n\n<\/div><\/div><\/div><\/div><\/div><\/div><div id=\"pg-4765-2\"  class=\"panel-grid panel-has-style\" ><div class=\"siteorigin-panels-stretch mob-pad-15 panel-row-style panel-row-style-for-4765-2\" style=\"padding: 40px 0; \" id=\"work\" data-stretch-type=\"full\" data-overlay=\"true\" data-overlay-color=\"#000000\" ><div id=\"pgc-4765-2-0\"  class=\"panel-grid-cell\" ><div id=\"panel-4765-2-0-0\" class=\"so-panel widget_sow-editor panel-first-child panel-last-child\" data-index=\"5\" ><div style=\"text-align: left;\" data-title-color=\"#443f3f\" data-headings-color=\"#443f3f\" class=\"panel-widget-style panel-widget-style-for-4765-2-0-0\" ><div\n\t\t\t\n\t\t\tclass=\"so-widget-sow-editor so-widget-sow-editor-base\"\n\t\t\t\n\t\t>\n<div class=\"siteorigin-widget-tinymce textwidget\">\n\t<h4 style=\"text-align: center;\"><a href=\"https:\/\/play.google.com\/store\/apps\/details?id=com.app.igrow\"><strong>L'application mobile iGrow by AgricAdvisors<\/strong><\/a> est notre derni\u00e8re\u00a0<strong>innovation agritech,<\/strong> con\u00e7ue pour les agriculteurs, les techniciens, les agronomes, les vulgarisateurs, les chercheurs et autres professionnels de l'agriculture.<\/h4>\n<\/div>\n<\/div><\/div><\/div><\/div><\/div><\/div><div id=\"pg-4765-3\"  class=\"panel-grid panel-has-style\" ><div class=\"siteorigin-panels-stretch mob-pad-15 panel-row-style panel-row-style-for-4765-3\" style=\"background-image: url(https:\/\/www.agricadvisors.com\/wp-content\/uploads\/2024\/04\/Agriculteur.png);padding: 40px 0; \" id=\"work\" data-stretch-type=\"full\" data-hasbg=\"hasbg\" data-overlay=\"true\" data-overlay-color=\"#ffffff\" ><div id=\"pgc-4765-3-0\"  class=\"panel-grid-cell\" ><div id=\"panel-4765-3-0-0\" class=\"so-panel widget_sow-video panel-first-child\" data-index=\"6\" ><div style=\"text-align: left;\" data-title-color=\"#443f3f\" data-headings-color=\"#443f3f\" class=\"panel-widget-style panel-widget-style-for-4765-3-0-0\" ><div\n\t\t\t\n\t\t\tclass=\"so-widget-sow-video so-widget-sow-video-base\"\n\t\t\t\n\t\t><h3 class=\"widget-title\">Comment \u00e7a marche<\/h3>\n<div class=\"sow-video-wrapper\">\n\t\t\t<video\n\t\t\t\t\t\t\tid=\"sow-player-1\" \t\t\t\t\t\t\tclass=\"sow-video-widget\" \t\t\t\t\t\t\tpreload=\"auto\" \t\t\t\t\t\t\tstyle=\"width:100%;height:100%;\" \t\t\t\t\t\t\t\t>\n\t\t\t\t\t\t\t<source type=\"\" src=\"https:\/\/youtube.com\/shorts\/14lOZKpR9eI?si=-5eqUdpJ1hnk4OBM\"\/>\n\t\t\t\t\t<\/video>\n\t<\/div>\n<\/div><\/div><\/div><div id=\"panel-4765-3-0-1\" class=\"so-panel widget_sydney_action sydney_action_widget panel-last-child\" data-index=\"7\" ><div style=\"text-align: left;\" data-title-color=\"#443f3f\" data-headings-color=\"#443f3f\" class=\"panel-widget-style panel-widget-style-for-4765-3-0-1\" >        <div class=\"roll-promobox\">\r\n\t\t\t<div class=\"promo-wrap\">\r\n\t\t\t\t\t\t\t\t<div class=\"promo-controls\">\r\n\t\t\t\t\t<a href=\"https:\/\/www.youtube.com\/@AgricAdvisors\" class=\"roll-button border\">Plus de vid\u00e9os<\/a>\r\n\t\t\t\t<\/div>\r\n\t\t\t<\/div>\r\n        <\/div>\r\n\t<\/div><\/div><\/div><div id=\"pgc-4765-3-1\"  class=\"panel-grid-cell\" ><div id=\"panel-4765-3-1-0\" class=\"so-panel widget_sow-editor panel-first-child panel-last-child\" data-index=\"8\" ><div style=\"text-align: left;\" data-title-color=\"#443f3f\" data-headings-color=\"#443f3f\" class=\"panel-widget-style panel-widget-style-for-4765-3-1-0\" ><div\n\t\t\t\n\t\t\tclass=\"so-widget-sow-editor so-widget-sow-editor-base\"\n\t\t\t\n\t\t><h3 class=\"widget-title\">CE QUI REND L'APPLICATION EXCEPTIONNELLE<\/h3>\n<div class=\"siteorigin-widget-tinymce textwidget\">\n\t<p><a href=\"https:\/\/play.google.com\/store\/apps\/details?id=com.app.igrow\"><strong>L'application mobile iGrow by AgricAdvisors<\/strong><\/a> est :<\/p>\n<ul>\n<li><strong>Plus de 700 produits de protection des cultures<\/strong> au choix<\/li>\n<li>Un <strong>puissant moteur de recherche<\/strong> facilitant la recherche<\/li>\n<li><strong>des informations pertinentes<\/strong> pour une prise de d\u00e9cision \u00e9clair\u00e9e<\/li>\n<li><strong>Gratuit<\/strong>, <strong>accessible<\/strong> et <strong>facile \u00e0 utiliser<\/strong><\/li>\n<li>Con\u00e7u pour \u00eatre utilis\u00e9 <strong>sans Internet<\/strong><\/li>\n<li><strong>Facile \u00e0 t\u00e9l\u00e9charger<\/strong> et <strong>peu d'espace de stockage<\/strong><\/li>\n<li>Compatible avec la plupart <strong>des t\u00e9l\u00e9phones Android<\/strong><\/li>\n<li>Et bien plus encore...<\/li>\n<\/ul>\n<p style=\"text-align: center;\"><a href=\"https:\/\/play.google.com\/store\/apps\/details?id=com.app.igrow\"><img decoding=\"async\" loading=\"lazy\" class=\"wp-image-5038 alignleft\" src=\"http:\/\/www.agricadvisors.com\/wp-content\/uploads\/2023\/09\/Telecharger-sur-Google-Play-Store.png\" alt=\"\" width=\"222\" height=\"86\" \/><\/a><\/p>\n<\/div>\n<\/div><\/div><\/div><\/div><\/div><\/div><div id=\"pg-4765-4\"  class=\"panel-grid panel-has-style\" ><div class=\"siteorigin-panels-stretch panel-row-style panel-row-style-for-4765-4\" style=\"padding: 20px 0; \" data-stretch-type=\"full\" data-overlay=\"true\" data-overlay-color=\"#000000\" ><div id=\"pgc-4765-4-0\"  class=\"panel-grid-cell\" ><div id=\"panel-4765-4-0-0\" class=\"so-panel widget_sydney_action sydney_action_widget panel-first-child panel-last-child\" data-index=\"9\" ><div style=\"text-align: left;\" data-title-color=\"#000000\" data-headings-color=\"#443f3f\" class=\"panel-widget-style panel-widget-style-for-4765-4-0-0\" >        <div class=\"roll-promobox aside-style\">\r\n\t\t\t<div class=\"promo-wrap\">\r\n\t\t\t\t\t\t\t\t<div class=\"promo-content\">\r\n\t\t\t\t\t<h3 class=\"title\">Vous souhaitez r\u00e9duire votre utilisation de pesticides ou passer \u00e0 une agriculture sans pesticides ? iGrow by AgricAdvisors peut vous accompagner dans votre transition agro\u00e9cologique.\n<\/h3>\r\n\t\t\t\t<\/div>\r\n\t\t\t\t\t\t\t\t<div class=\"promo-controls\">\r\n\t\t\t\t\t<a href=\"http:\/\/www.agricadvisors.com\/agroecology\/\" class=\"roll-button border\">En savoir plus<\/a>\r\n\t\t\t\t<\/div>\r\n\t\t\t<\/div>\r\n        <\/div>\r\n\t<\/div><\/div><\/div><\/div><\/div><div id=\"pg-4765-5\"  class=\"panel-grid panel-has-style\" ><div class=\"siteorigin-panels-stretch mob-pad-15 panel-row-style panel-row-style-for-4765-5\" style=\"padding: 40px 0; \" id=\"iGrow-app\" data-stretch-type=\"full\" data-overlay=\"true\" data-overlay-color=\"#000000\" ><div id=\"pgc-4765-5-0\"  class=\"panel-grid-cell\" ><div id=\"panel-4765-5-0-0\" class=\"so-panel widget_sow-image panel-first-child panel-last-child\" data-index=\"10\" ><div style=\"text-align: left;\" data-title-color=\"#443f3f\" data-headings-color=\"#443f3f\" class=\"panel-widget-style panel-widget-style-for-4765-5-0-0\" ><div\n\t\t\t\n\t\t\tclass=\"so-widget-sow-image so-widget-sow-image-default-8b5b6f678277-4765\"\n\t\t\t\n\t\t>\n\n<div class=\"sow-image-container\">\n\t\t<img src=\"https:\/\/www.agricadvisors.com\/wp-content\/uploads\/2024\/04\/iGrow-1.png\" width=\"1000\" height=\"1000\" srcset=\"https:\/\/www.agricadvisors.com\/wp-content\/uploads\/2024\/04\/iGrow-1.png 1000w, https:\/\/www.agricadvisors.com\/wp-content\/uploads\/2024\/04\/iGrow-1-300x300.png 300w, https:\/\/www.agricadvisors.com\/wp-content\/uploads\/2024\/04\/iGrow-1-150x150.png 150w, https:\/\/www.agricadvisors.com\/wp-content\/uploads\/2024\/04\/iGrow-1-768x768.png 768w, https:\/\/www.agricadvisors.com\/wp-content\/uploads\/2024\/04\/iGrow-1-12x12.png 12w, https:\/\/www.agricadvisors.com\/wp-content\/uploads\/2024\/04\/iGrow-1-230x230.png 230w, https:\/\/www.agricadvisors.com\/wp-content\/uploads\/2024\/04\/iGrow-1-350x350.png 350w, https:\/\/www.agricadvisors.com\/wp-content\/uploads\/2024\/04\/iGrow-1-480x480.png 480w\" sizes=\"(max-width: 1000px) 100vw, 1000px\" title=\"iGrow\" alt=\"\" loading=\"lazy\" \t\tclass=\"so-widget-image\"\/>\n\t<\/div>\n\n<\/div><\/div><\/div><\/div><div id=\"pgc-4765-5-1\"  class=\"panel-grid-cell\" ><div id=\"panel-4765-5-1-0\" class=\"so-panel widget_sow-editor panel-first-child\" data-index=\"11\" ><div style=\"text-align: left;\" data-title-color=\"#443f3f\" data-headings-color=\"#443f3f\" class=\"panel-widget-style panel-widget-style-for-4765-5-1-0\" ><div\n\t\t\t\n\t\t\tclass=\"so-widget-sow-editor so-widget-sow-editor-base\"\n\t\t\t\n\t\t><h3 class=\"widget-title\">OPPORTUNIT\u00c9 DIGITALE<\/h3>\n<div class=\"siteorigin-widget-tinymce textwidget\">\n\t<p><strong>\u00cates-vous \u00e9tudiant, agronome ou autre professionnel de l'agriculture ?<\/strong><br \/>\n<a href=\"https:\/\/play.google.com\/store\/apps\/details?id=com.app.igrow\">L'application mobile iGrow by AgricAdvisors<\/a> peut vous aider \u00e0 d\u00e9velopper vos connaissances pour :<br \/>\n- Devenir conseiller, consultant ou expert en protection des cultures<br \/>\n- Travailler comme technico-commercial dans une entreprise phytosanitaire<br \/>\n- Devenir responsable phytosanitaire dans une agro-industrie<\/p>\n<p><strong>Proposez-vous des produits ou services de protection des cultures ?<\/strong><br \/>\n<a href=\"https:\/\/play.google.com\/store\/apps\/details?id=com.app.igrow\">L'application mobile iGrow by AgricAdvisors<\/a> est un outil de poche qui vous permet de :<br \/>\n- Acc\u00e9der aux informations sur les produits que vous proposez en quelques clics<br \/>\n- Vous tenir inform\u00e9 des produits concurrents<br \/>\n- Promouvoir vos produits et services aupr\u00e8s de milliers de personnes<\/p>\n<p><strong>\u00cates-vous vulgarisateur aupr\u00e8s des producteurs agricoles ?<\/strong><br \/>\n- \u00c9quipez-vous pour mieux accompagner les producteurs agricoles<br \/>\n- Formez vos producteurs et accompagnez-les tout au long du cycle de production<\/p>\n<p>&nbsp;<\/p>\n<\/div>\n<\/div><\/div><\/div><div id=\"panel-4765-5-1-1\" class=\"so-panel widget_sydney_action sydney_action_widget panel-last-child\" data-index=\"12\" ><div style=\"text-align: left;\" data-title-color=\"#443f3f\" data-headings-color=\"#443f3f\" class=\"panel-widget-style panel-widget-style-for-4765-5-1-1\" >        <div class=\"roll-promobox\">\r\n\t\t\t<div class=\"promo-wrap\">\r\n\t\t\t\t\t\t\t\t<div class=\"promo-controls\">\r\n\t\t\t\t\t<a href=\"https:\/\/play.google.com\/store\/apps\/details?id=com.app.igrow\" class=\"roll-button border\">T\u00e9l\u00e9charger<\/a>\r\n\t\t\t\t<\/div>\r\n\t\t\t<\/div>\r\n        <\/div>\r\n\t<\/div><\/div><\/div><\/div><\/div><div id=\"pg-4765-6\"  class=\"panel-grid panel-has-style\" ><div class=\"siteorigin-panels-stretch mob-pad-15 panel-row-style panel-row-style-for-4765-6\" style=\"text-align: center;padding: 20px 0; \" id=\"iGrow-app\" data-stretch-type=\"full\" data-overlay=\"true\" data-overlay-color=\"#000000\" ><div id=\"pgc-4765-6-0\"  class=\"panel-grid-cell\" ><div id=\"panel-4765-6-0-0\" class=\"so-panel widget_sow-editor panel-first-child panel-last-child\" data-index=\"13\" ><div style=\"text-align: left;\" data-title-color=\"#443f3f\" data-headings-color=\"#4ba527\" class=\"panel-widget-style panel-widget-style-for-4765-6-0-0\" ><div\n\t\t\t\n\t\t\tclass=\"so-widget-sow-editor so-widget-sow-editor-base\"\n\t\t\t\n\t\t>\n<div class=\"siteorigin-widget-tinymce textwidget\">\n\t<h5 style=\"text-align: center;\">\u00cates-vous distributeur ou revendeur de produits phytosanitaires ?<br \/>\nRendez vos produits et points de vente accessibles \u00e0 des milliers d'agriculteurs en un clic gr\u00e2ce \u00e0\u00a0\u00a0<a href=\"https:\/\/play.google.com\/store\/apps\/details?id=com.app.igrow\">l'application mobile iGrow by AgricAdvisors<\/a><\/h5>\n<\/div>\n<\/div><\/div><\/div><\/div><div id=\"pgc-4765-6-1\"  class=\"panel-grid-cell\" ><div id=\"panel-4765-6-1-0\" class=\"so-panel widget_sydney_action sydney_action_widget panel-first-child panel-last-child\" data-index=\"14\" ><div style=\"text-align: left;\" data-title-color=\"#443f3f\" data-headings-color=\"#443f3f\" class=\"panel-widget-style panel-widget-style-for-4765-6-1-0\" >        <div class=\"roll-promobox\">\r\n\t\t\t<div class=\"promo-wrap\">\r\n\t\t\t\t\t\t\t\t<div class=\"promo-controls\">\r\n\t\t\t\t\t<a href=\"https:\/\/www.agricadvisors.com\/contact-us\/\" class=\"roll-button border\">Nous contacter<\/a>\r\n\t\t\t\t<\/div>\r\n\t\t\t<\/div>\r\n        <\/div>\r\n\t<\/div><\/div><\/div><\/div><\/div><div id=\"pg-4765-7\"  class=\"panel-grid panel-has-style\" ><div class=\"siteorigin-panels-stretch mob-pad-15 panel-row-style panel-row-style-for-4765-7\" style=\"padding: 10px 0; \" id=\"Contact-us\" data-stretch-type=\"full\" data-overlay=\"true\" data-overlay-color=\"#000000\" ><div id=\"pgc-4765-7-0\"  class=\"panel-grid-cell\" ><div id=\"panel-4765-7-0-0\" class=\"so-panel widget_sow-editor panel-first-child\" data-index=\"15\" ><div style=\"text-align: left;\" data-title-color=\"#ffffff\" data-headings-color=\"#ffffff\" class=\"panel-widget-style panel-widget-style-for-4765-7-0-0\" ><div\n\t\t\t\n\t\t\tclass=\"so-widget-sow-editor so-widget-sow-editor-base\"\n\t\t\t\n\t\t>\n<div class=\"siteorigin-widget-tinymce textwidget\">\n\t<p style=\"text-align: center;\"><strong>Suivez-nous sur nos r\u00e9seaux sociaux<\/strong><\/p>\n<\/div>\n<\/div><\/div><\/div><div id=\"panel-4765-7-0-1\" class=\"so-panel widget_sow-social-media-buttons panel-last-child\" data-index=\"16\" ><div style=\"text-align: left;\" data-title-color=\"#ffffff\" data-headings-color=\"#ffffff\" class=\"panel-widget-style panel-widget-style-for-4765-7-0-1\" ><div\n\t\t\t\n\t\t\tclass=\"so-widget-sow-social-media-buttons so-widget-sow-social-media-buttons-flat-b911c02e507f-4765\"\n\t\t\t\n\t\t>\n\n<div class=\"social-media-button-container\">\n\t\n\t\t<a class=\"ow-button-hover sow-social-media-button-facebook-0 sow-social-media-button\" title=\"AgricAdvisors sur Facebook\" aria-label=\"AgricAdvisors sur Facebook\" target=\"_blank\" rel=\"noopener noreferrer\" href=\"https:\/\/www.facebook.com\/AgricAdvisors\" >\n\t\t\t<span>\n\t\t\t\t\t\t\t\t<span class=\"sow-icon-fontawesome sow-fab\" data-sow-icon=\"&#xf39e;\"\n\t\t \n\t\taria-hidden=\"true\"><\/span>\t\t\t\t\t\t\t<\/span>\n\t\t<\/a>\n\t\n\t\t<a class=\"ow-button-hover sow-social-media-button-linkedin-0 sow-social-media-button\" title=\"AgricAdvisors sur Linkedin\" aria-label=\"AgricAdvisors sur Linkedin\" target=\"_blank\" rel=\"noopener noreferrer\" href=\"https:\/\/www.linkedin.com\/company\/agricadvisors\" >\n\t\t\t<span>\n\t\t\t\t\t\t\t\t<span class=\"sow-icon-fontawesome sow-fab\" data-sow-icon=\"&#xf0e1;\"\n\t\t \n\t\taria-hidden=\"true\"><\/span>\t\t\t\t\t\t\t<\/span>\n\t\t<\/a>\n\t\n\t\t<a class=\"ow-button-hover sow-social-media-button-x-twitter-0 sow-social-media-button\" title=\"AgricAdvisors sur X Twitter\" aria-label=\"AgricAdvisors sur X Twitter\" target=\"_blank\" rel=\"noopener noreferrer\" href=\"https:\/\/twitter.com\/AgricAdvisors\" >\n\t\t\t<span>\n\t\t\t\t\t\t\t\t<span class=\"sow-icon-fontawesome sow-fab\" data-sow-icon=\"&#xe61b;\"\n\t\t \n\t\taria-hidden=\"true\"><\/span>\t\t\t\t\t\t\t<\/span>\n\t\t<\/a>\n\t\n\t\t<a class=\"ow-button-hover sow-social-media-button-youtube-0 sow-social-media-button\" title=\"AgricAdvisors sur Youtube\" aria-label=\"AgricAdvisors sur Youtube\" target=\"_blank\" rel=\"noopener noreferrer\" href=\"https:\/\/www.youtube.com\/@AgricAdvisors\" >\n\t\t\t<span>\n\t\t\t\t\t\t\t\t<span class=\"sow-icon-fontawesome sow-fab\" data-sow-icon=\"&#xf167;\"\n\t\t \n\t\taria-hidden=\"true\"><\/span>\t\t\t\t\t\t\t<\/span>\n\t\t<\/a>\n\t<\/div>\n<\/div><\/div><\/div><\/div><\/div><\/div><\/div>","protected":false},"excerpt":{"rendered":"<p>YOUR SMART AGRITECH SOLUTION FOR EFFECTIVE CROP PROTECTION What problem my crops are suffering from? Should I use a pesticide? [&hellip;]<\/p>","protected":false},"author":1,"featured_media":0,"parent":0,"menu_order":0,"comment_status":"closed","ping_status":"closed","template":"page-templates\/page_front-page.php","meta":[],"_links":{"self":[{"href":"https:\/\/www.agricadvisors.com\/fr\/wp-json\/wp\/v2\/pages\/4765"}],"collection":[{"href":"https:\/\/www.agricadvisors.com\/fr\/wp-json\/wp\/v2\/pages"}],"about":[{"href":"https:\/\/www.agricadvisors.com\/fr\/wp-json\/wp\/v2\/types\/page"}],"author":[{"embeddable":true,"href":"https:\/\/www.agricadvisors.com\/fr\/wp-json\/wp\/v2\/users\/1"}],"replies":[{"embeddable":true,"href":"https:\/\/www.agricadvisors.com\/fr\/wp-json\/wp\/v2\/comments?post=4765"}],"version-history":[{"count":109,"href":"https:\/\/www.agricadvisors.com\/fr\/wp-json\/wp\/v2\/pages\/4765\/revisions"}],"predecessor-version":[{"id":6057,"href":"https:\/\/www.agricadvisors.com\/fr\/wp-json\/wp\/v2\/pages\/4765\/revisions\/6057"}],"wp:attachment":[{"href":"https:\/\/www.agricadvisors.com\/fr\/wp-json\/wp\/v2\/media?parent=4765"}],"curies":[{"name":"wp","href":"https:\/\/api.w.org\/{rel}","templated":true}]}}