{"id":4526,"date":"2022-12-24T12:34:38","date_gmt":"2022-12-24T17:34:38","guid":{"rendered":"http:\/\/www.agricadvisors.com\/?page_id=4526"},"modified":"2025-02-28T11:17:56","modified_gmt":"2025-02-28T16:17:56","slug":"contact-us","status":"publish","type":"page","link":"https:\/\/www.agricadvisors.com\/fr\/contact-us\/","title":{"rendered":"Nous contacter"},"content":{"rendered":"<div id=\"pl-4526\"  class=\"panel-layout\" ><div id=\"pg-4526-0\"  class=\"panel-grid panel-has-style\" ><div class=\"siteorigin-panels-stretch panel-row-style panel-row-style-for-4526-0\" style=\"background-image: url(https:\/\/www.agricadvisors.com\/wp-content\/uploads\/2022\/12\/Contact-us-min-1.jpg);padding: 100px 0; \" data-stretch-type=\"full\" data-hasbg=\"hasbg\" data-overlay=\"true\" data-overlay-color=\"#000000\" ><div id=\"pgc-4526-0-0\"  class=\"panel-grid-cell\" ><div id=\"panel-4526-0-0-0\" class=\"so-panel widget_sow-editor panel-first-child panel-last-child\" data-index=\"0\" ><div style=\"text-align: left;\" data-title-color=\"#ffffff\" data-headings-color=\"#ffffff\" class=\"panel-widget-style panel-widget-style-for-4526-0-0-0\" ><div\n\t\t\t\n\t\t\tclass=\"so-widget-sow-editor so-widget-sow-editor-base\"\n\t\t\t\n\t\t><h3 class=\"widget-title\">Nous contacter<\/h3>\n<div class=\"siteorigin-widget-tinymce textwidget\">\n\t<h4 style=\"text-align: center;\">Nous avons h\u00e2te de discuter avec vous. Faites-nous savoir comment nous pouvons vous aider.<\/h4>\n<\/div>\n<\/div><\/div><\/div><\/div><\/div><\/div><div id=\"pg-4526-1\"  class=\"panel-grid panel-has-style\" ><div class=\"siteorigin-panels-stretch mob-pad-15 panel-row-style panel-row-style-for-4526-1\" style=\"padding: 40px 0; \" id=\"about-us\" data-stretch-type=\"full\" data-overlay=\"true\" data-overlay-color=\"#000000\" ><div id=\"pgc-4526-1-0\"  class=\"panel-grid-cell\" ><div id=\"panel-4526-1-0-0\" class=\"so-panel widget_sow-editor panel-first-child panel-last-child\" data-index=\"1\" ><div style=\"text-align: left;\" data-title-color=\"#443f3f\" data-headings-color=\"#443f3f\" class=\"panel-widget-style panel-widget-style-for-4526-1-0-0\" ><div\n\t\t\t\n\t\t\tclass=\"so-widget-sow-editor so-widget-sow-editor-base\"\n\t\t\t\n\t\t>\n<div class=\"siteorigin-widget-tinymce textwidget\">\n\t<h4 style=\"text-align: center;\"><strong>Nous sommes des conseillers agricoles!<\/strong><\/h4>\n<p style=\"text-align: center;\">Notre mission est de d\u00e9velopper <strong>des solutions \u00e9cologiques pour une agriculture durable en Afrique<\/strong>. Nous souhaitons r\u00e9pondre aux d\u00e9fis agricoles actuels par des innovations utiles, pertinentes et adapt\u00e9es aux r\u00e9alit\u00e9s et conditions locales. D\u00e9couvrez <a href=\"http:\/\/www.agricadvisors.com\/publications\/\">nos r\u00e9centes publications.<\/a>\u00a0Nous cultivons la rel\u00e8ve agricole. D\u00e9couvrez notre <a href=\"http:\/\/www.agricadvisors.com\/graduate-program\/\">Programme Nouveau Dipl\u00f4m\u00e9<\/a>. D\u00e9couvrez <a href=\"http:\/\/www.agricadvisors.com\/igrow-mobile-app\/\">L'application mobile iGrow by AgricAdvisors<\/a>, notre derni\u00e8re innovation pour am\u00e9liorer la s\u00e9curit\u00e9 alimentaire, r\u00e9duire les risques li\u00e9s \u00e0 l'utilisation des pesticides et aider \u00e0 la <a href=\"http:\/\/www.agricadvisors.com\/agroecology\/\">transition agro\u00e9cologique<\/a>. Nous nous appuyons sur l'humain, le savoir-faire et le digital pour offrir <a href=\"http:\/\/www.agricadvisors.com\/our-services\/\">des services de gestion de projets cl\u00e9s en main aux agro-entreprises<\/a>.<\/p>\n<\/div>\n<\/div><\/div><\/div><\/div><div id=\"pgc-4526-1-1\"  class=\"panel-grid-cell\" ><div id=\"panel-4526-1-1-0\" class=\"so-panel widget_sow-image panel-first-child panel-last-child\" data-index=\"2\" ><div style=\"text-align: left;\" data-title-color=\"#443f3f\" data-headings-color=\"#443f3f\" class=\"panel-widget-style panel-widget-style-for-4526-1-1-0\" ><div\n\t\t\t\n\t\t\tclass=\"so-widget-sow-image so-widget-sow-image-default-8b5b6f678277-4526\"\n\t\t\t\n\t\t>\n\n<div class=\"sow-image-container\">\n\t\t<img src=\"https:\/\/www.agricadvisors.com\/wp-content\/uploads\/2022\/12\/Service-Services-agronomiques-1-scaled.jpg\" width=\"2560\" height=\"1707\" srcset=\"https:\/\/www.agricadvisors.com\/wp-content\/uploads\/2022\/12\/Service-Services-agronomiques-1-scaled.jpg 2560w, https:\/\/www.agricadvisors.com\/wp-content\/uploads\/2022\/12\/Service-Services-agronomiques-1-300x200.jpg 300w\" sizes=\"(max-width: 2560px) 100vw, 2560px\" title=\"Service &#8211; Services agronomiques\" alt=\"\" loading=\"lazy\" \t\tclass=\"so-widget-image\"\/>\n\t<\/div>\n\n<\/div><\/div><\/div><\/div><\/div><\/div><div id=\"pg-4526-2\"  class=\"panel-grid panel-has-style\" ><div class=\"siteorigin-panels-stretch panel-row-style panel-row-style-for-4526-2\" style=\"padding: 20px 0; \" data-stretch-type=\"full\" data-overlay=\"true\" data-overlay-color=\"#000000\" ><div id=\"pgc-4526-2-0\"  class=\"panel-grid-cell\" ><div id=\"panel-4526-2-0-0\" class=\"so-panel widget_sow-editor panel-first-child\" data-index=\"3\" ><div style=\"text-align: left;\" data-title-color=\"#443f3f\" data-headings-color=\"#443f3f\" class=\"panel-widget-style panel-widget-style-for-4526-2-0-0\" ><div\n\t\t\t\n\t\t\tclass=\"so-widget-sow-editor so-widget-sow-editor-base\"\n\t\t\t\n\t\t>\n<div class=\"siteorigin-widget-tinymce textwidget\">\n\t<p style=\"text-align: center;\">Pour atteindre nos objectifs, nous pouvons compter sur une \u00e9quipe de jeunes visionnaires dynamiques et passionn\u00e9s par le d\u00e9veloppement agricole.<\/p>\n<p style=\"text-align: center;\">Nous travaillons avec un r\u00e9seau d'ing\u00e9nieurs agronomes qualifi\u00e9s et professionnels r\u00e9partis sur tout le territoire national. Nous travaillons \u00e9galement en partenariat avec diff\u00e9rents acteurs de la cha\u00eene de valeur agricole et restons ouverts aux opportunit\u00e9s de collaboration.<\/p>\n<\/div>\n<\/div><\/div><\/div><div id=\"panel-4526-2-0-1\" class=\"so-panel widget_sydney_action sydney_action_widget panel-last-child\" data-index=\"4\" ><div style=\"text-align: left;\" data-title-color=\"#443f3f\" data-headings-color=\"#443f3f\" class=\"panel-widget-style panel-widget-style-for-4526-2-0-1\" >        <div class=\"roll-promobox\">\r\n\t\t\t<div class=\"promo-wrap\">\r\n\t\t\t\t\t\t\t\t<div class=\"promo-controls\">\r\n\t\t\t\t\t<a href=\"https:\/\/www.agricadvisors.com\/become-an-advisor\/\" class=\"roll-button border\">REJOIGNEZ NOTRE \u00c9QUIPE<\/a>\r\n\t\t\t\t<\/div>\r\n\t\t\t<\/div>\r\n        <\/div>\r\n\t<\/div><\/div><\/div><\/div><\/div><div id=\"pg-4526-3\"  class=\"panel-grid panel-has-style\" ><div class=\"siteorigin-panels-stretch mob-pad-15 panel-row-style panel-row-style-for-4526-3\" style=\"padding: 40px 0; \" id=\"contact-us\" data-stretch-type=\"full\" data-overlay=\"true\" data-overlay-color=\"#000000\" ><div id=\"pgc-4526-3-0\"  class=\"panel-grid-cell\" ><div id=\"panel-4526-3-0-0\" class=\"so-panel widget_sow-editor panel-first-child panel-last-child\" data-index=\"5\" ><div style=\"text-align: left;\" data-title-color=\"#000000\" data-headings-color=\"#000000\" class=\"panel-widget-style panel-widget-style-for-4526-3-0-0\" ><div\n\t\t\t\n\t\t\tclass=\"so-widget-sow-editor so-widget-sow-editor-base\"\n\t\t\t\n\t\t><h3 class=\"widget-title\">Nous contacter<\/h3>\n<div class=\"siteorigin-widget-tinymce textwidget\">\n\t<h5 style=\"text-align: center;\">Vous souhaitez devenir partenaire, travailler ou discuter avec nous ?<\/h5>\n<h5 style=\"text-align: center;\">N'h\u00e9sitez pas \u00e0 nous contacter.<\/h5>\n<h4 style=\"text-align: center;\"><a href=\"http:\/\/www.agricadvisors.com\/\"><img decoding=\"async\" loading=\"lazy\" class=\"alignnone wp-image-497\" src=\"http:\/\/www.agricadvisors.com\/wp-content\/uploads\/2017\/09\/Logo-AA.png\" alt=\"\" width=\"72\" height=\"69\" srcset=\"https:\/\/www.agricadvisors.com\/wp-content\/uploads\/2017\/09\/Logo-AA.png 151w, https:\/\/www.agricadvisors.com\/wp-content\/uploads\/2017\/09\/Logo-AA-150x144.png 150w\" sizes=\"(max-width: 72px) 100vw, 72px\" \/><\/a><\/h4>\n<p style=\"text-align: center;\">AgricAdvisors Sarl, Douala, Cameroun<\/p>\n<p style=\"text-align: center;\">Courriel : agronomist@agricadvisors.com<\/p>\n<p style=\"text-align: center;\"><a href=\"https:\/\/wa.me\/237699141229\"><img decoding=\"async\" loading=\"lazy\" class=\"aligncenter wp-image-5049\" src=\"http:\/\/www.agricadvisors.com\/wp-content\/uploads\/2023\/09\/Whatsapp-chat-300x87.png\" alt=\"\" width=\"193\" height=\"56\" srcset=\"https:\/\/www.agricadvisors.com\/wp-content\/uploads\/2023\/09\/Whatsapp-chat-300x87.png 300w, https:\/\/www.agricadvisors.com\/wp-content\/uploads\/2023\/09\/Whatsapp-chat-230x67.png 230w, https:\/\/www.agricadvisors.com\/wp-content\/uploads\/2023\/09\/Whatsapp-chat-350x102.png 350w, https:\/\/www.agricadvisors.com\/wp-content\/uploads\/2023\/09\/Whatsapp-chat-480x140.png 480w, https:\/\/www.agricadvisors.com\/wp-content\/uploads\/2023\/09\/Whatsapp-chat.png 574w\" sizes=\"(max-width: 193px) 100vw, 193px\" \/><\/a><\/p>\n<p style=\"text-align: center;\">Rejoignez notre communaut\u00e9 WhatsApp et profitez de nos formations.<\/p>\n<h4 style=\"text-align: center;\"><a href=\"https:\/\/chat.whatsapp.com\/Iu79LHG1by8AtYKHgMVx52\">Cliquez ici<\/a><\/h4>\n<\/div>\n<\/div><\/div><\/div><\/div><div id=\"pgc-4526-3-1\"  class=\"panel-grid-cell\" ><div id=\"panel-4526-3-1-0\" class=\"so-panel widget_sow-image panel-first-child panel-last-child\" data-index=\"6\" ><div style=\"text-align: left;\" data-title-color=\"#443f3f\" data-headings-color=\"#443f3f\" class=\"panel-widget-style panel-widget-style-for-4526-3-1-0\" ><div\n\t\t\t\n\t\t\tclass=\"so-widget-sow-image so-widget-sow-image-default-2f04f1ac7ed7-4526\"\n\t\t\t\n\t\t>\n\n<div class=\"sow-image-container\">\n\t\t<img src=\"https:\/\/www.agricadvisors.com\/wp-content\/uploads\/2024\/04\/89c5671b-af2f-48de-ac36-605428e9e91c.jpg\" width=\"1024\" height=\"1024\" srcset=\"https:\/\/www.agricadvisors.com\/wp-content\/uploads\/2024\/04\/89c5671b-af2f-48de-ac36-605428e9e91c.jpg 1024w, https:\/\/www.agricadvisors.com\/wp-content\/uploads\/2024\/04\/89c5671b-af2f-48de-ac36-605428e9e91c-300x300.jpg 300w, https:\/\/www.agricadvisors.com\/wp-content\/uploads\/2024\/04\/89c5671b-af2f-48de-ac36-605428e9e91c-150x150.jpg 150w, https:\/\/www.agricadvisors.com\/wp-content\/uploads\/2024\/04\/89c5671b-af2f-48de-ac36-605428e9e91c-768x768.jpg 768w, https:\/\/www.agricadvisors.com\/wp-content\/uploads\/2024\/04\/89c5671b-af2f-48de-ac36-605428e9e91c-12x12.jpg 12w, https:\/\/www.agricadvisors.com\/wp-content\/uploads\/2024\/04\/89c5671b-af2f-48de-ac36-605428e9e91c-1000x1000.jpg 1000w, https:\/\/www.agricadvisors.com\/wp-content\/uploads\/2024\/04\/89c5671b-af2f-48de-ac36-605428e9e91c-230x230.jpg 230w, https:\/\/www.agricadvisors.com\/wp-content\/uploads\/2024\/04\/89c5671b-af2f-48de-ac36-605428e9e91c-350x350.jpg 350w, https:\/\/www.agricadvisors.com\/wp-content\/uploads\/2024\/04\/89c5671b-af2f-48de-ac36-605428e9e91c-480x480.jpg 480w\" sizes=\"(max-width: 1024px) 100vw, 1024px\" title=\"_89c5671b-af2f-48de-ac36-605428e9e91c\" alt=\"\" loading=\"lazy\" \t\tclass=\"so-widget-image\"\/>\n\t<\/div>\n\n<\/div><\/div><\/div><\/div><\/div><\/div><div id=\"pg-4526-4\"  class=\"panel-grid panel-has-style\" ><div class=\"siteorigin-panels-stretch mob-pad-15 panel-row-style panel-row-style-for-4526-4\" style=\"padding: 10px 0; \" id=\"Contact-us\" data-stretch-type=\"full\" data-overlay=\"true\" data-overlay-color=\"#000000\" ><div id=\"pgc-4526-4-0\"  class=\"panel-grid-cell\" ><div id=\"panel-4526-4-0-0\" class=\"so-panel widget_sow-editor panel-first-child\" data-index=\"7\" ><div style=\"text-align: left;\" data-title-color=\"#ffffff\" data-headings-color=\"#ffffff\" class=\"panel-widget-style panel-widget-style-for-4526-4-0-0\" ><div\n\t\t\t\n\t\t\tclass=\"so-widget-sow-editor so-widget-sow-editor-base\"\n\t\t\t\n\t\t>\n<div class=\"siteorigin-widget-tinymce textwidget\">\n\t<p style=\"text-align: center;\"><strong>Suivez-nous sur nos r\u00e9seaux sociaux<\/strong><\/p>\n<\/div>\n<\/div><\/div><\/div><div id=\"panel-4526-4-0-1\" class=\"so-panel widget_sow-social-media-buttons panel-last-child\" data-index=\"8\" ><div style=\"text-align: left;\" data-title-color=\"#ffffff\" data-headings-color=\"#ffffff\" class=\"panel-widget-style panel-widget-style-for-4526-4-0-1\" ><div\n\t\t\t\n\t\t\tclass=\"so-widget-sow-social-media-buttons so-widget-sow-social-media-buttons-flat-b911c02e507f-4526\"\n\t\t\t\n\t\t>\n\n<div class=\"social-media-button-container\">\n\t\n\t\t<a class=\"ow-button-hover sow-social-media-button-facebook-0 sow-social-media-button\" title=\"AgricAdvisors sur Facebook\" aria-label=\"AgricAdvisors sur Facebook\" target=\"_blank\" rel=\"noopener noreferrer\" href=\"https:\/\/www.facebook.com\/AgricAdvisors\" >\n\t\t\t<span>\n\t\t\t\t\t\t\t\t<span class=\"sow-icon-fontawesome sow-fab\" data-sow-icon=\"&#xf39e;\"\n\t\t \n\t\taria-hidden=\"true\"><\/span>\t\t\t\t\t\t\t<\/span>\n\t\t<\/a>\n\t\n\t\t<a class=\"ow-button-hover sow-social-media-button-linkedin-0 sow-social-media-button\" title=\"AgricAdvisors sur Linkedin\" aria-label=\"AgricAdvisors sur Linkedin\" target=\"_blank\" rel=\"noopener noreferrer\" href=\"https:\/\/www.linkedin.com\/company\/agricadvisors\" >\n\t\t\t<span>\n\t\t\t\t\t\t\t\t<span class=\"sow-icon-fontawesome sow-fab\" data-sow-icon=\"&#xf0e1;\"\n\t\t \n\t\taria-hidden=\"true\"><\/span>\t\t\t\t\t\t\t<\/span>\n\t\t<\/a>\n\t\n\t\t<a class=\"ow-button-hover sow-social-media-button-x-twitter-0 sow-social-media-button\" title=\"AgricAdvisors sur X Twitter\" aria-label=\"AgricAdvisors sur X Twitter\" target=\"_blank\" rel=\"noopener noreferrer\" href=\"https:\/\/twitter.com\/AgricAdvisors\" >\n\t\t\t<span>\n\t\t\t\t\t\t\t\t<span class=\"sow-icon-fontawesome sow-fab\" data-sow-icon=\"&#xe61b;\"\n\t\t \n\t\taria-hidden=\"true\"><\/span>\t\t\t\t\t\t\t<\/span>\n\t\t<\/a>\n\t\n\t\t<a class=\"ow-button-hover sow-social-media-button-youtube-0 sow-social-media-button\" title=\"AgricAdvisors sur Youtube\" aria-label=\"AgricAdvisors sur Youtube\" target=\"_blank\" rel=\"noopener noreferrer\" href=\"https:\/\/www.youtube.com\/@AgricAdvisors\" >\n\t\t\t<span>\n\t\t\t\t\t\t\t\t<span class=\"sow-icon-fontawesome sow-fab\" data-sow-icon=\"&#xf167;\"\n\t\t \n\t\taria-hidden=\"true\"><\/span>\t\t\t\t\t\t\t<\/span>\n\t\t<\/a>\n\t<\/div>\n<\/div><\/div><\/div><\/div><\/div><\/div><\/div>","protected":false},"excerpt":{"rendered":"<p>We look forward to talking with you. Let us know how we can help you. We are AgricAdvisors! Our mission [&hellip;]<\/p>","protected":false},"author":1,"featured_media":0,"parent":0,"menu_order":0,"comment_status":"closed","ping_status":"closed","template":"page-templates\/page_front-page.php","meta":[],"_links":{"self":[{"href":"https:\/\/www.agricadvisors.com\/fr\/wp-json\/wp\/v2\/pages\/4526"}],"collection":[{"href":"https:\/\/www.agricadvisors.com\/fr\/wp-json\/wp\/v2\/pages"}],"about":[{"href":"https:\/\/www.agricadvisors.com\/fr\/wp-json\/wp\/v2\/types\/page"}],"author":[{"embeddable":true,"href":"https:\/\/www.agricadvisors.com\/fr\/wp-json\/wp\/v2\/users\/1"}],"replies":[{"embeddable":true,"href":"https:\/\/www.agricadvisors.com\/fr\/wp-json\/wp\/v2\/comments?post=4526"}],"version-history":[{"count":132,"href":"https:\/\/www.agricadvisors.com\/fr\/wp-json\/wp\/v2\/pages\/4526\/revisions"}],"predecessor-version":[{"id":6063,"href":"https:\/\/www.agricadvisors.com\/fr\/wp-json\/wp\/v2\/pages\/4526\/revisions\/6063"}],"wp:attachment":[{"href":"https:\/\/www.agricadvisors.com\/fr\/wp-json\/wp\/v2\/media?parent=4526"}],"curies":[{"name":"wp","href":"https:\/\/api.w.org\/{rel}","templated":true}]}}