{"id":3664,"date":"2022-04-24T21:12:22","date_gmt":"2022-04-25T01:12:22","guid":{"rendered":"http:\/\/www.agricadvisors.com\/?page_id=3664"},"modified":"2025-02-28T11:13:23","modified_gmt":"2025-02-28T16:13:23","slug":"agroecology","status":"publish","type":"page","link":"https:\/\/www.agricadvisors.com\/fr\/agroecology\/","title":{"rendered":"Agro\u00e9cologie"},"content":{"rendered":"<div id=\"pl-3664\"  class=\"panel-layout\" ><div id=\"pg-3664-0\"  class=\"panel-grid panel-has-style\" ><div class=\"siteorigin-panels-stretch panel-row-style panel-row-style-for-3664-0\" style=\"background-image: url(https:\/\/www.agricadvisors.com\/wp-content\/uploads\/2022\/12\/Service-Services-agronomiques-1-scaled.jpg);padding: 100px 0; \" data-stretch-type=\"full\" data-hasbg=\"hasbg\" data-overlay=\"true\" data-overlay-color=\"#000000\" ><div id=\"pgc-3664-0-0\"  class=\"panel-grid-cell\" ><div id=\"panel-3664-0-0-0\" class=\"so-panel widget_sow-editor panel-first-child\" data-index=\"0\" ><div style=\"text-align: left;\" data-title-color=\"#ffffff\" data-headings-color=\"#ffffff\" class=\"panel-widget-style panel-widget-style-for-3664-0-0-0\" ><div\n\t\t\t\n\t\t\tclass=\"so-widget-sow-editor so-widget-sow-editor-base\"\n\t\t\t\n\t\t><h3 class=\"widget-title\">NOTRE APPROCHE \u00c0 L'AGRO\u00c9COLOGIE<\/h3>\n<div class=\"siteorigin-widget-tinymce textwidget\">\n\t<h4 style=\"text-align: center;\">Comment utiliser le num\u00e9rique comme alli\u00e9 dans la transition agro\u00e9cologique<\/h4>\n<\/div>\n<\/div><\/div><\/div><div id=\"panel-3664-0-0-1\" class=\"so-panel widget_sydney_action sydney_action_widget panel-last-child\" data-index=\"1\" ><div style=\"text-align: left;\" data-title-color=\"#443f3f\" data-headings-color=\"#443f3f\" class=\"panel-widget-style panel-widget-style-for-3664-0-0-1\" >        <div class=\"roll-promobox\">\r\n\t\t\t<div class=\"promo-wrap\">\r\n\t\t\t\t\t\t\t\t<div class=\"promo-controls\">\r\n\t\t\t\t\t<a href=\"https:\/\/www.agricadvisors.com\/agroecology\/#primary\" class=\"roll-button border\">En savoir plus<\/a>\r\n\t\t\t\t<\/div>\r\n\t\t\t<\/div>\r\n        <\/div>\r\n\t<\/div><\/div><\/div><\/div><\/div><div id=\"pg-3664-1\"  class=\"panel-grid panel-has-style\" ><div class=\"siteorigin-panels-stretch panel-row-style panel-row-style-for-3664-1\" style=\"padding: 40px 0; \" id=\"innovation\" data-stretch-type=\"full\" data-overlay=\"true\" data-overlay-color=\"#000000\" ><div id=\"pgc-3664-1-0\"  class=\"panel-grid-cell\" ><div id=\"panel-3664-1-0-0\" class=\"so-panel widget_text panel-first-child panel-last-child\" data-index=\"2\" ><div style=\"text-align: left;\" data-title-color=\"#443f3f\" data-headings-color=\"#443f3f\" class=\"panel-widget-style panel-widget-style-for-3664-1-0-0\" ><h3 class=\"widget-title\">LES PESTICIDES SONT DANGEREUX ET DOIVENT \u00caTRE MANIPUL\u00c9S AVEC PR\u00c9CAUTION !<\/h3>\t\t\t<div class=\"textwidget\"><p>S'ils ne sont pas manipul\u00e9s avec pr\u00e9caution, ils peuvent avoir de nombreuses cons\u00e9quences sur notre <strong>sant\u00e9<\/strong>, sur une <strong>production durable<\/strong> et sur l' <strong>environnement<\/strong>. Cependant, tous les probl\u00e8mes phytosanitaires ne n\u00e9cessitent pas n\u00e9cessairement l'utilisation de pesticides. De nombreuses pratiques, comme <strong>l'agro\u00e9cologie<\/strong>, permettent de r\u00e9duire l'utilisation de pesticides, voire dans certains cas de les supprimer.<\/p>\n<p>Cependant, la mise en \u0153uvre de certaines pratiques agro\u00e9cologiques rencontre souvent <strong>de nombreux probl\u00e8mes<\/strong>:<\/p>\n<ul>\n<li>Manque de connaissances techniques et de notions d'\u00e9pid\u00e9miologie<\/li>\n<li>Temps n\u00e9cessaire \u00e0 la mise en \u0153uvre, entra\u00eenant un manque \u00e0 gagner<\/li>\n<li>Des r\u00e9sultats pas toujours aussi efficaces qu\u2019avec l\u2019utilisation de pesticides chimiques<\/li>\n<li>Approches individuelles et manque de suivi dans le temps<\/li>\n<\/ul>\n<p><strong>De plus, il ne serait pas tr\u00e8s r\u00e9aliste d\u2019attendre d\u2019un agriculteur qui utilise r\u00e9guli\u00e8rement des pesticides qu\u2019il effectue une transition radicale du jour au lendemain.<\/strong><\/p>\n<\/div>\n\t\t<\/div><\/div><\/div><div id=\"pgc-3664-1-1\"  class=\"panel-grid-cell\" ><div id=\"panel-3664-1-1-0\" class=\"so-panel widget_media_image panel-first-child panel-last-child\" data-index=\"3\" ><div style=\"text-align: left;\" data-title-color=\"#443f3f\" data-headings-color=\"#443f3f\" class=\"panel-widget-style panel-widget-style-for-3664-1-1-0\" ><img width=\"1000\" height=\"1000\" src=\"https:\/\/www.agricadvisors.com\/wp-content\/uploads\/2023\/09\/3.png\" class=\"image wp-image-4987  attachment-full size-full\" alt=\"Pesticides in agriculture\" decoding=\"async\" loading=\"lazy\" style=\"max-width: 100%; height: auto;\" srcset=\"https:\/\/www.agricadvisors.com\/wp-content\/uploads\/2023\/09\/3.png 1000w, https:\/\/www.agricadvisors.com\/wp-content\/uploads\/2023\/09\/3-300x300.png 300w, https:\/\/www.agricadvisors.com\/wp-content\/uploads\/2023\/09\/3-150x150.png 150w, https:\/\/www.agricadvisors.com\/wp-content\/uploads\/2023\/09\/3-768x768.png 768w, https:\/\/www.agricadvisors.com\/wp-content\/uploads\/2023\/09\/3-230x230.png 230w, https:\/\/www.agricadvisors.com\/wp-content\/uploads\/2023\/09\/3-350x350.png 350w, https:\/\/www.agricadvisors.com\/wp-content\/uploads\/2023\/09\/3-480x480.png 480w\" sizes=\"(max-width: 1000px) 100vw, 1000px\" \/><\/div><\/div><\/div><\/div><\/div><div id=\"pg-3664-2\"  class=\"panel-grid panel-has-style\" ><div class=\"siteorigin-panels-stretch panel-row-style panel-row-style-for-3664-2\" style=\"padding: 40px 0; \" id=\"innovation\" data-stretch-type=\"full\" data-overlay=\"true\" data-overlay-color=\"#000000\" ><div id=\"pgc-3664-2-0\"  class=\"panel-grid-cell\" ><div id=\"panel-3664-2-0-0\" class=\"so-panel widget_media_image panel-first-child panel-last-child\" data-index=\"4\" ><div style=\"text-align: left;\" data-title-color=\"#443f3f\" data-headings-color=\"#443f3f\" class=\"panel-widget-style panel-widget-style-for-3664-2-0-0\" ><img width=\"1000\" height=\"1000\" src=\"https:\/\/www.agricadvisors.com\/wp-content\/uploads\/2023\/09\/3.png\" class=\"image wp-image-4987  attachment-full size-full\" alt=\"Pesticides in agriculture\" decoding=\"async\" loading=\"lazy\" style=\"max-width: 100%; height: auto;\" srcset=\"https:\/\/www.agricadvisors.com\/wp-content\/uploads\/2023\/09\/3.png 1000w, https:\/\/www.agricadvisors.com\/wp-content\/uploads\/2023\/09\/3-300x300.png 300w, https:\/\/www.agricadvisors.com\/wp-content\/uploads\/2023\/09\/3-150x150.png 150w, https:\/\/www.agricadvisors.com\/wp-content\/uploads\/2023\/09\/3-768x768.png 768w, https:\/\/www.agricadvisors.com\/wp-content\/uploads\/2023\/09\/3-230x230.png 230w, https:\/\/www.agricadvisors.com\/wp-content\/uploads\/2023\/09\/3-350x350.png 350w, https:\/\/www.agricadvisors.com\/wp-content\/uploads\/2023\/09\/3-480x480.png 480w\" sizes=\"(max-width: 1000px) 100vw, 1000px\" \/><\/div><\/div><\/div><div id=\"pgc-3664-2-1\"  class=\"panel-grid-cell\" ><div id=\"panel-3664-2-1-0\" class=\"so-panel widget_text panel-first-child panel-last-child\" data-index=\"5\" ><div style=\"text-align: left;\" data-title-color=\"#443f3f\" data-headings-color=\"#443f3f\" class=\"panel-widget-style panel-widget-style-for-3664-2-1-0\" ><h3 class=\"widget-title\">NOTRE APPROCHE \u00c0 L'AGRO\u00c9COLOGIE<\/h3>\t\t\t<div class=\"textwidget\"><p>Nous pensons que pour une <strong>adoption r\u00e9ussie<\/strong> des pratiques agro\u00e9cologiques, l'approche doit \u00eatre <strong>progressive<\/strong> et <strong>strat\u00e9gique<\/strong>.<\/p>\n<p>Au-del\u00e0 d'un effet de mode, les agriculteurs doivent comprendre <strong>la n\u00e9cessit\u00e9 de cette approche<\/strong> pour leur propre bien afin de l\u2019adopter.<\/p>\n<p>Pour cela, nous avons pens\u00e9 \u00e0 une <strong>approche en plusieurs \u00e9tapes<\/strong>:<\/p>\n<ol>\n<li>Adoption de bonnes pratiques phytosanitaires<\/li>\n<li>Utilisation raisonn\u00e9e des pesticides<\/li>\n<li>Mise en place d'une lutte int\u00e9gr\u00e9e<\/li>\n<li>Adoption de pratiques agro\u00e9cologiques<\/li>\n<\/ol>\n<p><a href=\"https:\/\/play.google.com\/store\/apps\/details?id=com.app.igrow\"><strong>L'application mobile iGrow by AgricAdvisors<\/strong><\/a>\u00a0est un outil essentiel qui peut aider dans la transition vers une agriculture sans pesticides.<\/p>\n<\/div>\n\t\t<\/div><\/div><\/div><\/div><\/div><div id=\"pg-3664-3\"  class=\"panel-grid panel-has-style\" ><div class=\"siteorigin-panels-stretch panel-row-style panel-row-style-for-3664-3\" style=\"padding: 40px 0; \" id=\"innovation\" data-stretch-type=\"full\" data-overlay=\"true\" data-overlay-color=\"#000000\" ><div id=\"pgc-3664-3-0\"  class=\"panel-grid-cell\" ><div id=\"panel-3664-3-0-0\" class=\"so-panel widget_text panel-first-child\" data-index=\"6\" ><div style=\"text-align: left;\" data-title-color=\"#443f3f\" data-headings-color=\"#443f3f\" class=\"panel-widget-style panel-widget-style-for-3664-3-0-0\" ><h3 class=\"widget-title\">NOTRE SOLUTION DIGITALE<\/h3>\t\t\t<div class=\"textwidget\"><p><a href=\"https:\/\/play.google.com\/store\/apps\/details?id=com.app.igrow\"><strong>L'application mobile iGrow by AgricAdvisors<\/strong><\/a> fournit :<\/p>\n<ul>\n<li>des informations sur l'identification des attaques phytosanitaires et les m\u00e9thodes de lutte recommand\u00e9es<\/li>\n<li>la liste des pesticides homologu\u00e9s et autoris\u00e9s \u00e0 la vente<\/li>\n<li>des informations n\u00e9cessaires \u00e0 la prise de d\u00e9cision (mati\u00e8re active, spectre d'action, classe toxicologique)<\/li>\n<li>des informations sur la s\u00e9curit\u00e9 des produits (d\u00e9lai avant r\u00e9colte, d\u00e9lai de r\u00e9-entr\u00e9e)<\/li>\n<li>de formations courtes sur la protection des cultures et les m\u00e9thodes alternatives aux pesticides<\/li>\n<\/ul>\n<p>&nbsp;<\/p>\n<\/div>\n\t\t<\/div><\/div><div id=\"panel-3664-3-0-1\" class=\"so-panel widget_sydney_action sydney_action_widget panel-last-child\" data-index=\"7\" ><div style=\"text-align: left;\" data-title-color=\"#443f3f\" data-headings-color=\"#443f3f\" class=\"panel-widget-style panel-widget-style-for-3664-3-0-1\" >        <div class=\"roll-promobox\">\r\n\t\t\t<div class=\"promo-wrap\">\r\n\t\t\t\t\t\t\t\t<div class=\"promo-controls\">\r\n\t\t\t\t\t<a href=\"https:\/\/play.google.com\/store\/apps\/details?id=com.app.igrow\" class=\"roll-button border\">T\u00c9L\u00c9CHARGEZ L'APPLICATION<\/a>\r\n\t\t\t\t<\/div>\r\n\t\t\t<\/div>\r\n        <\/div>\r\n\t<\/div><\/div><\/div><div id=\"pgc-3664-3-1\"  class=\"panel-grid-cell\" ><div id=\"panel-3664-3-1-0\" class=\"so-panel widget_media_image panel-first-child panel-last-child\" data-index=\"8\" ><div style=\"text-align: left;\" data-title-color=\"#443f3f\" data-headings-color=\"#443f3f\" class=\"panel-widget-style panel-widget-style-for-3664-3-1-0\" ><img width=\"1000\" height=\"1000\" src=\"https:\/\/www.agricadvisors.com\/wp-content\/uploads\/2023\/09\/3.png\" class=\"image wp-image-4987  attachment-full size-full\" alt=\"Pesticides in agriculture\" decoding=\"async\" loading=\"lazy\" style=\"max-width: 100%; height: auto;\" srcset=\"https:\/\/www.agricadvisors.com\/wp-content\/uploads\/2023\/09\/3.png 1000w, https:\/\/www.agricadvisors.com\/wp-content\/uploads\/2023\/09\/3-300x300.png 300w, https:\/\/www.agricadvisors.com\/wp-content\/uploads\/2023\/09\/3-150x150.png 150w, https:\/\/www.agricadvisors.com\/wp-content\/uploads\/2023\/09\/3-768x768.png 768w, https:\/\/www.agricadvisors.com\/wp-content\/uploads\/2023\/09\/3-230x230.png 230w, https:\/\/www.agricadvisors.com\/wp-content\/uploads\/2023\/09\/3-350x350.png 350w, https:\/\/www.agricadvisors.com\/wp-content\/uploads\/2023\/09\/3-480x480.png 480w\" sizes=\"(max-width: 1000px) 100vw, 1000px\" \/><\/div><\/div><\/div><\/div><\/div><div id=\"pg-3664-4\"  class=\"panel-grid panel-has-style\" ><div class=\"siteorigin-panels-stretch mob-pad-15 panel-row-style panel-row-style-for-3664-4\" style=\"padding: 10px 0; \" id=\"Contact-us\" data-stretch-type=\"full\" data-overlay=\"true\" data-overlay-color=\"#000000\" ><div id=\"pgc-3664-4-0\"  class=\"panel-grid-cell\" ><div id=\"panel-3664-4-0-0\" class=\"so-panel widget_sow-editor panel-first-child\" data-index=\"9\" ><div style=\"text-align: left;\" data-title-color=\"#ffffff\" data-headings-color=\"#ffffff\" class=\"panel-widget-style panel-widget-style-for-3664-4-0-0\" ><div\n\t\t\t\n\t\t\tclass=\"so-widget-sow-editor so-widget-sow-editor-base\"\n\t\t\t\n\t\t>\n<div class=\"siteorigin-widget-tinymce textwidget\">\n\t<p style=\"text-align: center;\"><strong>Suivez-nous sur nos r\u00e9seaux sociaux<\/strong><\/p>\n<\/div>\n<\/div><\/div><\/div><div id=\"panel-3664-4-0-1\" class=\"so-panel widget_sow-social-media-buttons panel-last-child\" data-index=\"10\" ><div style=\"text-align: left;\" data-title-color=\"#ffffff\" data-headings-color=\"#ffffff\" class=\"panel-widget-style panel-widget-style-for-3664-4-0-1\" ><div\n\t\t\t\n\t\t\tclass=\"so-widget-sow-social-media-buttons so-widget-sow-social-media-buttons-flat-b911c02e507f-3664\"\n\t\t\t\n\t\t>\n\n<div class=\"social-media-button-container\">\n\t\n\t\t<a class=\"ow-button-hover sow-social-media-button-facebook-0 sow-social-media-button\" title=\"AgricAdvisors sur Facebook\" aria-label=\"AgricAdvisors sur Facebook\" target=\"_blank\" rel=\"noopener noreferrer\" href=\"https:\/\/www.facebook.com\/AgricAdvisors\" >\n\t\t\t<span>\n\t\t\t\t\t\t\t\t<span class=\"sow-icon-fontawesome sow-fab\" data-sow-icon=\"&#xf39e;\"\n\t\t \n\t\taria-hidden=\"true\"><\/span>\t\t\t\t\t\t\t<\/span>\n\t\t<\/a>\n\t\n\t\t<a class=\"ow-button-hover sow-social-media-button-linkedin-0 sow-social-media-button\" title=\"AgricAdvisors sur Linkedin\" aria-label=\"AgricAdvisors sur Linkedin\" target=\"_blank\" rel=\"noopener noreferrer\" href=\"https:\/\/www.linkedin.com\/company\/agricadvisors\" >\n\t\t\t<span>\n\t\t\t\t\t\t\t\t<span class=\"sow-icon-fontawesome sow-fab\" data-sow-icon=\"&#xf0e1;\"\n\t\t \n\t\taria-hidden=\"true\"><\/span>\t\t\t\t\t\t\t<\/span>\n\t\t<\/a>\n\t\n\t\t<a class=\"ow-button-hover sow-social-media-button-x-twitter-0 sow-social-media-button\" title=\"AgricAdvisors sur X Twitter\" aria-label=\"AgricAdvisors sur X Twitter\" target=\"_blank\" rel=\"noopener noreferrer\" href=\"https:\/\/twitter.com\/AgricAdvisors\" >\n\t\t\t<span>\n\t\t\t\t\t\t\t\t<span class=\"sow-icon-fontawesome sow-fab\" data-sow-icon=\"&#xe61b;\"\n\t\t \n\t\taria-hidden=\"true\"><\/span>\t\t\t\t\t\t\t<\/span>\n\t\t<\/a>\n\t\n\t\t<a class=\"ow-button-hover sow-social-media-button-youtube-0 sow-social-media-button\" title=\"AgricAdvisors sur Youtube\" aria-label=\"AgricAdvisors sur Youtube\" target=\"_blank\" rel=\"noopener noreferrer\" href=\"https:\/\/www.youtube.com\/@AgricAdvisors\" >\n\t\t\t<span>\n\t\t\t\t\t\t\t\t<span class=\"sow-icon-fontawesome sow-fab\" data-sow-icon=\"&#xf167;\"\n\t\t \n\t\taria-hidden=\"true\"><\/span>\t\t\t\t\t\t\t<\/span>\n\t\t<\/a>\n\t<\/div>\n<\/div><\/div><\/div><\/div><\/div><\/div><\/div>","protected":false},"excerpt":{"rendered":"<p>How we use digital as an ally in the agroecological transition If they are not handled with care, they can [&hellip;]<\/p>","protected":false},"author":1,"featured_media":0,"parent":0,"menu_order":0,"comment_status":"closed","ping_status":"closed","template":"page-templates\/page_front-page.php","meta":[],"_links":{"self":[{"href":"https:\/\/www.agricadvisors.com\/fr\/wp-json\/wp\/v2\/pages\/3664"}],"collection":[{"href":"https:\/\/www.agricadvisors.com\/fr\/wp-json\/wp\/v2\/pages"}],"about":[{"href":"https:\/\/www.agricadvisors.com\/fr\/wp-json\/wp\/v2\/types\/page"}],"author":[{"embeddable":true,"href":"https:\/\/www.agricadvisors.com\/fr\/wp-json\/wp\/v2\/users\/1"}],"replies":[{"embeddable":true,"href":"https:\/\/www.agricadvisors.com\/fr\/wp-json\/wp\/v2\/comments?post=3664"}],"version-history":[{"count":87,"href":"https:\/\/www.agricadvisors.com\/fr\/wp-json\/wp\/v2\/pages\/3664\/revisions"}],"predecessor-version":[{"id":6061,"href":"https:\/\/www.agricadvisors.com\/fr\/wp-json\/wp\/v2\/pages\/3664\/revisions\/6061"}],"wp:attachment":[{"href":"https:\/\/www.agricadvisors.com\/fr\/wp-json\/wp\/v2\/media?parent=3664"}],"curies":[{"name":"wp","href":"https:\/\/api.w.org\/{rel}","templated":true}]}}