{"id":3615,"date":"2022-04-23T15:54:24","date_gmt":"2022-04-23T19:54:24","guid":{"rendered":"http:\/\/www.agricadvisors.com\/?page_id=3615"},"modified":"2025-02-22T23:17:40","modified_gmt":"2025-02-23T04:17:40","slug":"careers","status":"publish","type":"page","link":"https:\/\/www.agricadvisors.com\/fr\/careers\/","title":{"rendered":"Carri\u00e8res"},"content":{"rendered":"<div id=\"pl-3615\"  class=\"panel-layout\" ><div id=\"pg-3615-0\"  class=\"panel-grid panel-has-style\" ><div class=\"siteorigin-panels-stretch panel-row-style panel-row-style-for-3615-0\" style=\"background-image: url(https:\/\/www.agricadvisors.com\/wp-content\/uploads\/2022\/12\/Capacity-building.jpg);padding: 40px 0; \" data-stretch-type=\"full\" data-hasbg=\"hasbg\" data-overlay=\"true\" data-overlay-color=\"#000000\" ><div id=\"pgc-3615-0-0\"  class=\"panel-grid-cell\" ><div id=\"panel-3615-0-0-0\" class=\"so-panel widget_sow-editor panel-first-child panel-last-child\" data-index=\"0\" ><div style=\"text-align: center;\" data-title-color=\"#ffffff\" data-headings-color=\"#ffffff\" class=\"panel-widget-style panel-widget-style-for-3615-0-0-0\" ><div\n\t\t\t\n\t\t\tclass=\"so-widget-sow-editor so-widget-sow-editor-base\"\n\t\t\t\n\t\t><h3 class=\"widget-title\">CARRI\u00c8RES<\/h3>\n<div class=\"siteorigin-widget-tinymce textwidget\">\n\t<p style=\"text-align: center;\"><strong>Vous recherchez un stage ? Un emploi temporaire ou permanent en agronomie ? Un emploi \u00e0 temps partiel ou \u00e0 temps plein ? Ou encore un emploi de consultant ?<\/strong><\/p>\n<\/div>\n<\/div><\/div><\/div><\/div><\/div><\/div><div id=\"pg-3615-1\"  class=\"panel-grid panel-has-style\" ><div class=\"siteorigin-panels-stretch panel-row-style panel-row-style-for-3615-1\" style=\"padding: 0px 0; \" data-stretch-type=\"full\" data-overlay=\"true\" data-overlay-color=\"#000000\" ><div id=\"pgc-3615-1-0\"  class=\"panel-grid-cell\" ><div id=\"panel-3615-1-0-0\" class=\"so-panel widget_sydney_action sydney_action_widget panel-first-child panel-last-child\" data-index=\"1\" ><div style=\"text-align: center;\" data-title-color=\"#443f3f\" data-headings-color=\"#443f3f\" class=\"panel-widget-style panel-widget-style-for-3615-1-0-0\" >        <div class=\"roll-promobox\">\r\n\t\t\t<div class=\"promo-wrap\">\r\n\t\t\t\t\t\t\t\t<div class=\"promo-content\">\r\n\t\t\t\t\t<h3 class=\"title\">\u00cates-vous passionn\u00e9(e) par l\u2019agriculture et souhaitez mettre vos comp\u00e9tences \u00e0 profit pour faire une diff\u00e9rence dans la vie des agriculteurs ?<\/h3>\r\n\t\t\t\t<\/div>\r\n\t\t\t\t\t\t\t\t<div class=\"promo-controls\">\r\n\t\t\t\t\t<a href=\"https:\/\/www.agricadvisors.com\/become-an-advisor\/\" class=\"roll-button border\">DEVENEZ UN CONSEILLER AGRICOLE<\/a>\r\n\t\t\t\t<\/div>\r\n\t\t\t<\/div>\r\n        <\/div>\r\n\t<\/div><\/div><\/div><div id=\"pgc-3615-1-1\"  class=\"panel-grid-cell\" ><div id=\"panel-3615-1-1-0\" class=\"so-panel widget_sydney_action sydney_action_widget panel-first-child panel-last-child\" data-index=\"2\" ><div style=\"text-align: center;\" data-title-color=\"#443f3f\" data-headings-color=\"#443f3f\" class=\"panel-widget-style panel-widget-style-for-3615-1-1-0\" >        <div class=\"roll-promobox\">\r\n\t\t\t<div class=\"promo-wrap\">\r\n\t\t\t\t\t\t\t\t<div class=\"promo-content\">\r\n\t\t\t\t\t<h3 class=\"title\">\u00cates-vous un r\u00e9cent dipl\u00f4m\u00e9 \u00e0 la recherche de votre premi\u00e8re opportunit\u00e9 de carri\u00e8re ?<\/h3>\r\n\t\t\t\t<\/div>\r\n\t\t\t\t\t\t\t\t<div class=\"promo-controls\">\r\n\t\t\t\t\t<a href=\"https:\/\/www.agricadvisors.com\/graduate-program\/\" class=\"roll-button border\">Programme Nouveau Dipl\u00f4m\u00e9<\/a>\r\n\t\t\t\t<\/div>\r\n\t\t\t<\/div>\r\n        <\/div>\r\n\t<\/div><\/div><\/div><\/div><\/div><div id=\"pg-3615-2\"  class=\"panel-grid panel-has-style\" ><div style=\"padding: 20px 0; \" data-overlay=\"true\" data-overlay-color=\"#000000\" class=\"panel-row-style panel-row-style-for-3615-2\" ><div id=\"pgc-3615-2-0\"  class=\"panel-grid-cell\" ><div id=\"panel-3615-2-0-0\" class=\"so-panel widget_sow-editor panel-first-child panel-last-child\" data-index=\"3\" ><div style=\"text-align: left;\" data-title-color=\"#443f3f\" data-headings-color=\"#443f3f\" class=\"panel-widget-style panel-widget-style-for-3615-2-0-0\" ><div\n\t\t\t\n\t\t\tclass=\"so-widget-sow-editor so-widget-sow-editor-base\"\n\t\t\t\n\t\t>\n<div class=\"siteorigin-widget-tinymce textwidget\">\n\t<h5 style=\"text-align: center;\">Consultez les postes disponibles pour une opportunit\u00e9 de carri\u00e8re passionnante et enrichissante !<\/h5>\n<\/div>\n<\/div><\/div><\/div><\/div><\/div><\/div><div id=\"pg-3615-3\"  class=\"panel-grid panel-has-style\" ><div class=\"siteorigin-panels-stretch panel-row-style panel-row-style-for-3615-3\" style=\"padding: 10px 0; \" data-stretch-type=\"full\" data-overlay=\"true\" data-overlay-color=\"#000000\" ><div id=\"pgc-3615-3-0\"  class=\"panel-grid-cell\" ><div id=\"panel-3615-3-0-0\" class=\"so-panel widget_text panel-first-child panel-last-child\" data-index=\"4\" ><div style=\"text-align: left;\" data-title-color=\"#443f3f\" data-headings-color=\"#443f3f\" class=\"panel-widget-style panel-widget-style-for-3615-3-0-0\" >\t\t\t<div class=\"textwidget\">\n<div class=\"jb jb-jobs\" data-base-post=\"\"\n\tdata-hide-expired=\"\"\n\tdata-hide-filled=\"\"\n\tdata-filled-only=\"\"\n\tdata-orderby=\"date\"\n\tdata-order=\"DESC\"\n\tdata-employer=\"\"\n\tdata-no-logo=\"\"\n\tdata-hide-job-types=\"\"\n\tdata-page=\"1\"\n\tdata-per-page=\"10\"\n\tdata-no-jobs=\"No Jobs\"\n\tdata-no-jobs-search=\"No Jobs found\"\n\tdata-category=\"\"\n\tdata-type=\"\"\n\t\tdata-wrapper-index=\"1\">\n\n\t\n<div class=\"jb-overlay\">\n\t<div class=\"jb-ajax-loading\"><\/div>\n<\/div>\n\n<div class=\"jb-jobs-header\">\n\n\t\n\t\n\t\t<div class=\"jb-jobs-header-row jb-jobs-search-row\">\n\t\t\t<div class=\"jb-jobs-search-line\">\n\n\t\t\t\t\n\t\t\t\t\t<label>\n\t\t\t\t\t\t<span>Find Jobs:<\/span>\n\t\t\t\t\t\t\t\t\t\t\t\t<input type=\"search\" class=\"jb-search-line\" placeholder=\"Job title, keywords, or company\" value=\"\" aria-label=\"Find Jobs by title\" \/>\n\t\t\t\t\t<\/label>\n\n\t\t\t\t\t\n\t\t\t\t\t<label>\n\t\t\t\t\t\t<span>Find Jobs:<\/span>\n\t\t\t\t\t\t<input type=\"search\" class=\"jb-search-location\" placeholder=\"City, State or Country\" value=\"\" aria-label=\"Find Jobs by location\" \/>\n\t\t\t\t\t\t\t\t\t\t\t<\/label>\n\t\t\t\t\n\t\t\t\t<input type=\"button\" class=\"jb-do-search jb-button\" value=\"Find Jobs\" \/>\n\t\t\t<\/div>\n\t\t<\/div>\n\n\t\t\n\t\t<div class=\"jb-jobs-header-row jb-jobs-filters-row\">\n\t\t\t<label>\n\t\t\t\t<input type=\"checkbox\" class=\"jb-only-remote\" value=\"1\"  \/>&nbsp;Show only remote jobs\t\t\t<\/label>\n\n\t\t\t\n\t\t\t\t<label>\n\t\t\t\t\t<select class=\"jb-job-type-filter\">\n\t\t\t\t\t\t<option value=\"\"  selected='selected'>Select job type<\/option>\n\t\t\t\t\t\t\t\t\t\t\t\t\t<option value=\"201\" >Free-lance<\/option>\n\t\t\t\t\t\t\t\t\t\t\t\t\t<option value=\"198\" >\u00c0 temps plein<\/option>\n\t\t\t\t\t\t\t\t\t\t\t\t\t<option value=\"203\" >Dipl\u00f4m\u00e9<\/option>\n\t\t\t\t\t\t\t\t\t\t\t\t\t<option value=\"200\" >Stage<\/option>\n\t\t\t\t\t\t\t\t\t\t\t\t\t<option value=\"199\" >\u00c0 temps partiel<\/option>\n\t\t\t\t\t\t\t\t\t\t\t\t\t<option value=\"202\" >Temporaire<\/option>\n\t\t\t\t\t\t\t\t\t\t\t\t\t<option value=\"204\" >B\u00e9n\u00e9vole<\/option>\n\t\t\t\t\t\t\t\t\t\t\t<\/select>\n\t\t\t\t<\/label>\n\n\t\t\t\t\t\t<\/div>\n\n\t\t<\/div>\n\n<script type=\"text\/template\" id=\"tmpl-jb-jobs-list-line\">\n\t<# if ( data.jobs.length > 0 ) { #>\n\n\t\t<# _.each( data.jobs, function( job, key, list ) { #>\n\t\t\t\n\t\t\t<div class=\"jb-job-list-row<# if ( ! job.logo ) { #> jb-job-list-no-logo<# } #><# if ( job.actions.length > 0 ) { #> jb-job-list-with-actions<# } #><# if ( job.featured ) { #> jb-job-list-featured<# } #>\">\t\t\t\t<# if ( ! data.hide_logo ) { #>\n\t\t\t\t\t<# if ( job.logo ) { #>\n\t\t\t\t\t\t<div class=\"jb-job-logo\">\n\t\t\t\t\t\t\t{{{job.logo}}}\n\t\t\t\t\t\t<\/div>\n\t\t\t\t\t<# } #>\n\t\t\t\t<# } #>\n\t\t\t\t<div class=\"jb-row-data\">\n\t\t\t\t\t<div class=\"jb-job-title\">\n\t\t\t\t\t\t<span class=\"jb-job-title-link-line\"><a href=\"{{{job.permalink}}}\" class=\"jb-job-title-link\">{{{job.title}}}<\/a><\/span>\n\t\t\t\t\t\t<div class=\"jb-job-title-end jb-responsive jb-ui-m jb-ui-l jb-ui-xl\">\n\t\t\t\t\t\t\t<# if ( job.featured ) { #>\n\t\t\t\t\t\t\t\t<div class=\"jb-job-featured\">Featured<\/div>\n\t\t\t\t\t\t\t<# } #>\n\t\t\t\t\t\t\t<# if ( ! data.hide_job_types ) { #>\n\t\t\t\t\t\t\t\t<# if ( job.types.length > 0 ) { #>\n\t\t\t\t\t\t\t\t\t<div class=\"jb-job-types\">\n\t\t\t\t\t\t\t\t\t\t<# _.each( job.types, function( type, t_key, t_list ) { #>\n\t\t\t\t\t\t\t\t\t\t\t<div class=\"jb-job-type\" style=\"color:{{{type.color}}};background:{{{type.bg_color}}};\">\n\t\t\t\t\t\t\t\t\t\t\t\t{{{type.name}}}\n\t\t\t\t\t\t\t\t\t\t\t<\/div>\n\t\t\t\t\t\t\t\t\t\t<# }); #>\n\t\t\t\t\t\t\t\t\t<\/div>\n\t\t\t\t\t\t\t\t<# } #>\n\t\t\t\t\t\t\t<# } #>\n\t\t\t\t\t\t<\/div>\n\t\t\t\t\t<\/div>\n\t\t\t\t\t<div class=\"jb-row-info\">\n\t\t\t\t\t\t<div class=\"jb-row-left-side\">\n\t\t\t\t\t\t\t<# if ( job.company.name ) { #>\n\t\t\t\t\t\t\t\t<div class=\"company\">\n\t\t\t\t\t\t\t\t\t<i class=\"far fa-building\"><\/i>\n\t\t\t\t\t\t\t\t\t<span title=\"{{{job.company.tagline}}}\">\n\t\t\t\t\t\t\t\t\t\t{{{job.company.name}}}\n\t\t\t\t\t\t\t\t\t<\/span>\n\t\t\t\t\t\t\t\t<\/div>\n\t\t\t\t\t\t\t<# } #>\n\n\t\t\t\t\t\t\t<# if ( job.location ) { #>\n\t\t\t\t\t\t\t\t<div class=\"location\">\n\t\t\t\t\t\t\t\t\t<i class=\"fas fa-map-marker-alt\"><\/i>\n\t\t\t\t\t\t\t\t\t{{{job.location}}}\n\t\t\t\t\t\t\t\t<\/div>\n\t\t\t\t\t\t\t<# } #>\n\n\t\t\t\t\t\t\t\t\t\t\t\t\t\t\t<# if ( job.category ) { #>\n\t\t\t\t\t\t\t\t\t<div class=\"category\">\n\t\t\t\t\t\t\t\t\t\t{{{job.category}}}\n\t\t\t\t\t\t\t\t\t<\/div>\n\t\t\t\t\t\t\t\t<# } #>\n\t\t\t\t\t\t\t\n\t\t\t\t\t\t\t<div class=\"jb-responsive jb-ui-s jb-ui-xs date\" title=\"Posted\">\n\t\t\t\t\t\t\t\t<i class=\"far fa-calendar-alt\"><\/i>\n\t\t\t\t\t\t\t\tPosted {{{job.date}}}\n\t\t\t\t\t\t\t<\/div>\n\n\t\t\t\t\t\t\t<# if ( job.expires ) { #>\n\t\t\t\t\t\t\t\t<div class=\"expires\" title=\"Expires\">\n\t\t\t\t\t\t\t\t\t<i class=\"fa fa-calendar-times-o\"><\/i>\n\t\t\t\t\t\t\t\t\tClosing on {{{job.expires}}}\n\t\t\t\t\t\t\t\t<\/div>\n\t\t\t\t\t\t\t<# } #>\n\n\t\t\t\t\t\t\t\t\t\t\t\t\t<\/div>\n\t\t\t\t\t\t<div class=\"jb-row-right-side\">\n\t\t\t\t\t\t\t<div class=\"date jb-responsive jb-ui-m jb-ui-l jb-ui-xl date\" title=\"Posted\">\n\t\t\t\t\t\t\t\t{{{job.date}}}\n\t\t\t\t\t\t\t<\/div>\n\t\t\t\t\t\t\t<div class=\"jb-row-right-side-line\">\n\t\t\t\t\t\t\t\t<# if ( job.featured ) { #>\n\t\t\t\t\t\t\t\t\t<div class=\"jb-job-featured jb-responsive jb-ui-s jb-ui-xs\">Featured<\/div>\n\t\t\t\t\t\t\t\t<# } #>\n\t\t\t\t\t\t\t\t<# if ( ! data.hide_job_types ) { #>\n\t\t\t\t\t\t\t\t\t<# if ( job.types.length > 0 ) { #>\n\t\t\t\t\t\t\t\t\t\t<div class=\"jb-job-types jb-responsive jb-ui-s jb-ui-xs\">\n\t\t\t\t\t\t\t\t\t\t\t<# _.each( job.types, function( type, t_key, t_list ) { #>\n\t\t\t\t\t\t\t\t\t\t\t\t<div class=\"jb-job-type\" style=\"color:{{{type.color}}};background:{{{type.bg_color}}};\">\n\t\t\t\t\t\t\t\t\t\t\t\t\t{{{type.name}}}\n\t\t\t\t\t\t\t\t\t\t\t\t<\/div>\n\t\t\t\t\t\t\t\t\t\t\t<# }); #>\n\t\t\t\t\t\t\t\t\t\t<\/div>\n\t\t\t\t\t\t\t\t\t<# } #>\n\t\t\t\t\t\t\t\t<# } #>\n\t\t\t\t\t\t\t<\/div>\n\t\t\t\t\t\t<\/div>\n\t\t\t\t\t<\/div>\n\t\t\t\t<\/div>\n\t\t\t\t<# if ( job.actions.length > 0 ) { #>\n\t\t\t\t\t<div class=\"jb-row-actions\">\n\t\t\t\t\t\t<# _.each( job.actions, function( action, a_key, a_list ) { #>\n\t\t\t\t\t\t\t<# if ( action.html ) { #>\n\t\t\t\t\t\t\t\t{{{action.html}}}\n\t\t\t\t\t\t\t<# } else { #>\n\t\t\t\t\t\t\t\t<a href=\"{{{action.url}}}\" class=\"{{{action.class}}}\">\n\t\t\t\t\t\t\t\t\t<i class=\"{{{action.img}}}\"><\/i>\n\t\t\t\t\t\t\t\t<\/a>\n\t\t\t\t\t\t\t<# } #>\n\t\t\t\t\t\t<# }); #>\n\t\t\t\t\t<\/div>\n\t\t\t\t<# } #>\n\t\t\t<\/div>\n\t\t<# }); #>\n\t<# } #>\n<\/script>\n\n<div class=\"jb-jobs-wrapper\"><\/div>\n\n<div class=\"jb-jobs-pagination-box\">\n\t<a href=\"javascript:void(0);\" class=\"jb-load-more-jobs\">\n\t\tLoad more jobs\t<\/a>\n<\/div>\n<\/div>\n\n<\/div>\n\t\t<\/div><\/div><\/div><\/div><\/div><div id=\"pg-3615-4\"  class=\"panel-grid panel-has-style\" ><div class=\"siteorigin-panels-stretch panel-row-style panel-row-style-for-3615-4\" style=\"padding: 20px 0; \" data-stretch-type=\"full\" data-overlay=\"true\" data-overlay-color=\"#000000\" ><div id=\"pgc-3615-4-0\"  class=\"panel-grid-cell\" ><div id=\"panel-3615-4-0-0\" class=\"so-panel widget_text panel-first-child panel-last-child\" data-index=\"5\" ><div style=\"text-align: center;\" data-title-color=\"#443f3f\" data-headings-color=\"#443f3f\" class=\"panel-widget-style panel-widget-style-for-3615-4-0-0\" >\t\t\t<div class=\"textwidget\"><p><strong>RESTEZ INFORM\u00c9S DES NOUVELLES OPPORTUNIT\u00c9S<\/strong><br \/>\nVous n\u2019avez pas trouv\u00e9 l\u2019offre d\u2019emploi qui correspond \u00e0 vos aspirations ?<br \/>\nEnvoyez-nous votre CV et lettre de motivation \u00e0 <strong>agronomist@agricadvisors.com<\/strong> et nous vous tiendrons inform\u00e9s des opportunit\u00e9s futures.<\/p>\n<\/div>\n\t\t<\/div><\/div><\/div><\/div><\/div><div id=\"pg-3615-5\"  class=\"panel-grid panel-has-style\" ><div class=\"siteorigin-panels-stretch mob-pad-15 panel-row-style panel-row-style-for-3615-5\" style=\"padding: 10px 0; \" id=\"Contact-us\" data-stretch-type=\"full\" data-overlay=\"true\" data-overlay-color=\"#000000\" ><div id=\"pgc-3615-5-0\"  class=\"panel-grid-cell\" ><div id=\"panel-3615-5-0-0\" class=\"so-panel widget_sow-editor panel-first-child\" data-index=\"6\" ><div style=\"text-align: left;\" data-title-color=\"#ffffff\" data-headings-color=\"#ffffff\" class=\"panel-widget-style panel-widget-style-for-3615-5-0-0\" ><div\n\t\t\t\n\t\t\tclass=\"so-widget-sow-editor so-widget-sow-editor-base\"\n\t\t\t\n\t\t>\n<div class=\"siteorigin-widget-tinymce textwidget\">\n\t<p style=\"text-align: center;\"><strong>Suivez-nous sur nos r\u00e9seaux sociaux<\/strong><\/p>\n<\/div>\n<\/div><\/div><\/div><div id=\"panel-3615-5-0-1\" class=\"so-panel widget_sow-social-media-buttons panel-last-child\" data-index=\"7\" ><div style=\"text-align: left;\" data-title-color=\"#ffffff\" data-headings-color=\"#ffffff\" class=\"panel-widget-style panel-widget-style-for-3615-5-0-1\" ><div\n\t\t\t\n\t\t\tclass=\"so-widget-sow-social-media-buttons so-widget-sow-social-media-buttons-flat-b911c02e507f-3615\"\n\t\t\t\n\t\t>\n\n<div class=\"social-media-button-container\">\n\t\n\t\t<a class=\"ow-button-hover sow-social-media-button-facebook-0 sow-social-media-button\" title=\"AgricAdvisors sur Facebook\" aria-label=\"AgricAdvisors sur Facebook\" target=\"_blank\" rel=\"noopener noreferrer\" href=\"https:\/\/www.facebook.com\/AgricAdvisors\" >\n\t\t\t<span>\n\t\t\t\t\t\t\t\t<span class=\"sow-icon-fontawesome sow-fab\" data-sow-icon=\"&#xf39e;\"\n\t\t \n\t\taria-hidden=\"true\"><\/span>\t\t\t\t\t\t\t<\/span>\n\t\t<\/a>\n\t\n\t\t<a class=\"ow-button-hover sow-social-media-button-linkedin-0 sow-social-media-button\" title=\"AgricAdvisors sur Linkedin\" aria-label=\"AgricAdvisors sur Linkedin\" target=\"_blank\" rel=\"noopener noreferrer\" href=\"https:\/\/www.linkedin.com\/company\/agricadvisors\" >\n\t\t\t<span>\n\t\t\t\t\t\t\t\t<span class=\"sow-icon-fontawesome sow-fab\" data-sow-icon=\"&#xf0e1;\"\n\t\t \n\t\taria-hidden=\"true\"><\/span>\t\t\t\t\t\t\t<\/span>\n\t\t<\/a>\n\t\n\t\t<a class=\"ow-button-hover sow-social-media-button-x-twitter-0 sow-social-media-button\" title=\"AgricAdvisors sur X Twitter\" aria-label=\"AgricAdvisors sur X Twitter\" target=\"_blank\" rel=\"noopener noreferrer\" href=\"https:\/\/twitter.com\/AgricAdvisors\" >\n\t\t\t<span>\n\t\t\t\t\t\t\t\t<span class=\"sow-icon-fontawesome sow-fab\" data-sow-icon=\"&#xe61b;\"\n\t\t \n\t\taria-hidden=\"true\"><\/span>\t\t\t\t\t\t\t<\/span>\n\t\t<\/a>\n\t\n\t\t<a class=\"ow-button-hover sow-social-media-button-youtube-0 sow-social-media-button\" title=\"AgricAdvisors sur Youtube\" aria-label=\"AgricAdvisors sur Youtube\" target=\"_blank\" rel=\"noopener noreferrer\" href=\"https:\/\/www.youtube.com\/@AgricAdvisors\" >\n\t\t\t<span>\n\t\t\t\t\t\t\t\t<span class=\"sow-icon-fontawesome sow-fab\" data-sow-icon=\"&#xf167;\"\n\t\t \n\t\taria-hidden=\"true\"><\/span>\t\t\t\t\t\t\t<\/span>\n\t\t<\/a>\n\t<\/div>\n<\/div><\/div><\/div><\/div><\/div><\/div><\/div>","protected":false},"excerpt":{"rendered":"<p>Are you looking for an internship? A temporary or permanent job in agronomy? A part-time or full-time job? Or a [&hellip;]<\/p>","protected":false},"author":1,"featured_media":0,"parent":0,"menu_order":0,"comment_status":"closed","ping_status":"closed","template":"page-templates\/page_front-page.php","meta":[],"_links":{"self":[{"href":"https:\/\/www.agricadvisors.com\/fr\/wp-json\/wp\/v2\/pages\/3615"}],"collection":[{"href":"https:\/\/www.agricadvisors.com\/fr\/wp-json\/wp\/v2\/pages"}],"about":[{"href":"https:\/\/www.agricadvisors.com\/fr\/wp-json\/wp\/v2\/types\/page"}],"author":[{"embeddable":true,"href":"https:\/\/www.agricadvisors.com\/fr\/wp-json\/wp\/v2\/users\/1"}],"replies":[{"embeddable":true,"href":"https:\/\/www.agricadvisors.com\/fr\/wp-json\/wp\/v2\/comments?post=3615"}],"version-history":[{"count":39,"href":"https:\/\/www.agricadvisors.com\/fr\/wp-json\/wp\/v2\/pages\/3615\/revisions"}],"predecessor-version":[{"id":5926,"href":"https:\/\/www.agricadvisors.com\/fr\/wp-json\/wp\/v2\/pages\/3615\/revisions\/5926"}],"wp:attachment":[{"href":"https:\/\/www.agricadvisors.com\/fr\/wp-json\/wp\/v2\/media?parent=3615"}],"curies":[{"name":"wp","href":"https:\/\/api.w.org\/{rel}","templated":true}]}}