{"id":3553,"date":"2022-04-22T23:09:19","date_gmt":"2022-04-23T03:09:19","guid":{"rendered":"http:\/\/www.agricadvisors.com\/?page_id=3553"},"modified":"2025-02-28T11:10:39","modified_gmt":"2025-02-28T16:10:39","slug":"graduate-program","status":"publish","type":"page","link":"https:\/\/www.agricadvisors.com\/fr\/graduate-program\/","title":{"rendered":"Programme Nouveau Dipl\u00f4m\u00e9"},"content":{"rendered":"<div id=\"pl-3553\"  class=\"panel-layout\" ><div id=\"pg-3553-0\"  class=\"panel-grid panel-has-style\" ><div class=\"siteorigin-panels-stretch panel-row-style panel-row-style-for-3553-0\" style=\"background-image: url(https:\/\/www.agricadvisors.com\/wp-content\/uploads\/2020\/07\/Agriculture-plant-scaled.jpg);padding: 100px 0; \" data-stretch-type=\"full\" data-hasbg=\"hasbg\" data-overlay=\"true\" data-overlay-color=\"#000000\" ><div id=\"pgc-3553-0-0\"  class=\"panel-grid-cell\" ><div id=\"panel-3553-0-0-0\" class=\"so-panel widget_sow-editor panel-first-child\" data-index=\"0\" ><div style=\"text-align: left;\" data-title-color=\"#ffffff\" data-headings-color=\"#ffffff\" class=\"panel-widget-style panel-widget-style-for-3553-0-0-0\" ><div\n\t\t\t\n\t\t\tclass=\"so-widget-sow-editor so-widget-sow-editor-base\"\n\t\t\t\n\t\t><h3 class=\"widget-title\">PROGRAMME NOUVEAU DIPL\u00d4M\u00c9<\/h3>\n<div class=\"siteorigin-widget-tinymce textwidget\">\n\t<h5 style=\"text-align: center;\">Nous sommes conscients de la difficult\u00e9 que peuvent \u00e9prouver les jeunes dipl\u00f4m\u00e9s en agronomie \u00e0 trouver leur premi\u00e8re exp\u00e9rience professionnelle. Fid\u00e8le \u00e0 notre vision d\u2019innovation, notre \u00e9quipe a travaill\u00e9 \u00e0 trouver une solution efficace pour briser ce cycle.<\/h5>\n<\/div>\n<\/div><\/div><\/div><div id=\"panel-3553-0-0-1\" class=\"so-panel widget_sydney_action sydney_action_widget panel-last-child\" data-index=\"1\" ><div style=\"text-align: left;\" data-title-color=\"#ffffff\" data-headings-color=\"#ffffff\" class=\"panel-widget-style panel-widget-style-for-3553-0-0-1\" >        <div class=\"roll-promobox aside-style\">\r\n\t\t\t<div class=\"promo-wrap\">\r\n\t\t\t\t\t\t\t\t<div class=\"promo-controls\">\r\n\t\t\t\t\t<a href=\"https:\/\/www.agricadvisors.com\/graduate-program\/#primary\" class=\"roll-button border\">En savoir plus<\/a>\r\n\t\t\t\t<\/div>\r\n\t\t\t<\/div>\r\n        <\/div>\r\n\t<\/div><\/div><\/div><\/div><\/div><div id=\"pg-3553-1\"  class=\"panel-grid panel-has-style\" ><div style=\"padding: 40px 0; \" data-overlay=\"true\" data-overlay-color=\"#000000\" class=\"panel-row-style panel-row-style-for-3553-1\" ><div id=\"pgc-3553-1-0\"  class=\"panel-grid-cell\" ><div id=\"panel-3553-1-0-0\" class=\"so-panel widget_media_image panel-first-child panel-last-child\" data-index=\"2\" ><div style=\"text-align: left;\" data-title-color=\"#443f3f\" data-headings-color=\"#443f3f\" class=\"panel-widget-style panel-widget-style-for-3553-1-0-0\" ><img src=\"https:\/\/www.agricadvisors.com\/wp-content\/uploads\/2022\/03\/Graduate-min.jpg\" class=\"image wp-image-3426  attachment-full size-full\" alt=\"\" decoding=\"async\" loading=\"lazy\" style=\"max-width: 100%; height: auto;\" \/><\/div><\/div><\/div><div id=\"pgc-3553-1-1\"  class=\"panel-grid-cell\" ><div id=\"panel-3553-1-1-0\" class=\"so-panel widget_sow-editor panel-first-child panel-last-child\" data-index=\"3\" ><div style=\"text-align: left;\" data-title-color=\"#443f3f\" data-headings-color=\"#443f3f\" class=\"panel-widget-style panel-widget-style-for-3553-1-1-0\" ><div\n\t\t\t\n\t\t\tclass=\"so-widget-sow-editor so-widget-sow-editor-base\"\n\t\t\t\n\t\t><h3 class=\"widget-title\">DE LA FORMATION \u00c0 L'EMPLOI<\/h3>\n<div class=\"siteorigin-widget-tinymce textwidget\">\n\t<p style=\"text-align: center;\">Notre \u201c<strong>Programme Nouveau Dipl\u00f4m\u00e9<\/strong>\u201d offre l\u2019opportunit\u00e9 aux jeunes dipl\u00f4m\u00e9s des \u00e9coles de formation agronomiques d\u2019acqu\u00e9rir une <strong>premi\u00e8re exp\u00e9rience professionnelle<\/strong>, tout en d\u00e9veloppant des comp\u00e9tences qui leur seront utiles tout au long de leur carri\u00e8re professionnelle.<\/p>\n<p style=\"text-align: center;\">Ce programme se positionne <strong>entre la formation acad\u00e9mique et le monde professionnel<\/strong> et donne aux apprenants les bases d\u2019une insertion professionnelle r\u00e9ussie. Nos dipl\u00f4m\u00e9s peuvent ainsi s\u2019int\u00e9grer plus facilement dans les entreprises et r\u00e9pondre efficacement aux attentes de leurs employeurs.<\/p>\n<\/div>\n<\/div><\/div><\/div><\/div><\/div><\/div><div id=\"pg-3553-2\"  class=\"panel-grid panel-has-style\" ><div class=\"siteorigin-panels-stretch mob-pad-15 panel-row-style panel-row-style-for-3553-2\" style=\"padding: 40px 0; \" id=\"work\" data-stretch-type=\"full\" data-overlay=\"true\" data-overlay-color=\"#000000\" ><div id=\"pgc-3553-2-0\"  class=\"panel-grid-cell\" ><div id=\"panel-3553-2-0-0\" class=\"so-panel widget_sow-editor panel-first-child panel-last-child\" data-index=\"4\" ><div style=\"text-align: left;\" data-title-color=\"#443f3f\" data-headings-color=\"#443f3f\" class=\"panel-widget-style panel-widget-style-for-3553-2-0-0\" ><div\n\t\t\t\n\t\t\tclass=\"so-widget-sow-editor so-widget-sow-editor-base\"\n\t\t\t\n\t\t>\n<div class=\"siteorigin-widget-tinymce textwidget\">\n\t<h4 style=\"text-align: center;\">Lisez notre derni\u00e8re publication :<\/h4>\n<h4 style=\"text-align: center;\"><a href=\"https:\/\/www.reseau-far.com\/paroles-dentrepreneur-briser-lecart-entre-la-formation-professionnelle-et-les-besoins-des-entreprises-agricoles-au-cameroun\/\">\"Briser l'\u00e9cart entre la formation professionnelle et les besoins des entreprises agricoles au Cameroun.\"<\/a><\/h4>\n<\/div>\n<\/div><\/div><\/div><\/div><div id=\"pgc-3553-2-1\"  class=\"panel-grid-cell\" ><div id=\"panel-3553-2-1-0\" class=\"so-panel widget_media_image panel-first-child panel-last-child\" data-index=\"5\" ><div style=\"text-align: left;\" data-title-color=\"#443f3f\" data-headings-color=\"#443f3f\" class=\"panel-widget-style panel-widget-style-for-3553-2-1-0\" ><a href=\"https:\/\/www.reseau-far.com\/paroles-dentrepreneur-briser-lecart-entre-la-formation-professionnelle-et-les-besoins-des-entreprises-agricoles-au-cameroun\/\"><img width=\"1551\" height=\"821\" src=\"https:\/\/www.agricadvisors.com\/wp-content\/uploads\/2024\/07\/Logo-FAR.png\" class=\"image wp-image-5474  attachment-full size-full\" alt=\"\" decoding=\"async\" loading=\"lazy\" style=\"max-width: 100%; height: auto;\" srcset=\"https:\/\/www.agricadvisors.com\/wp-content\/uploads\/2024\/07\/Logo-FAR.png 1551w, https:\/\/www.agricadvisors.com\/wp-content\/uploads\/2024\/07\/Logo-FAR-300x159.png 300w, https:\/\/www.agricadvisors.com\/wp-content\/uploads\/2024\/07\/Logo-FAR-1024x542.png 1024w, https:\/\/www.agricadvisors.com\/wp-content\/uploads\/2024\/07\/Logo-FAR-768x407.png 768w, https:\/\/www.agricadvisors.com\/wp-content\/uploads\/2024\/07\/Logo-FAR-1536x813.png 1536w, https:\/\/www.agricadvisors.com\/wp-content\/uploads\/2024\/07\/Logo-FAR-18x10.png 18w, https:\/\/www.agricadvisors.com\/wp-content\/uploads\/2024\/07\/Logo-FAR-1000x529.png 1000w, https:\/\/www.agricadvisors.com\/wp-content\/uploads\/2024\/07\/Logo-FAR-230x122.png 230w, https:\/\/www.agricadvisors.com\/wp-content\/uploads\/2024\/07\/Logo-FAR-350x185.png 350w, https:\/\/www.agricadvisors.com\/wp-content\/uploads\/2024\/07\/Logo-FAR-480x254.png 480w\" sizes=\"(max-width: 1551px) 100vw, 1551px\" \/><\/a><\/div><\/div><\/div><\/div><\/div><div id=\"pg-3553-3\"  class=\"panel-grid panel-has-style\" ><div class=\"siteorigin-panels-stretch mob-pad-15 panel-row-style panel-row-style-for-3553-3\" style=\"padding: 40px 0; \" id=\"work\" data-stretch-type=\"full\" data-overlay=\"true\" data-overlay-color=\"#000000\" ><div id=\"pgc-3553-3-0\"  class=\"panel-grid-cell\" ><div id=\"panel-3553-3-0-0\" class=\"so-panel widget_sow-editor panel-first-child panel-last-child\" data-index=\"6\" ><div style=\"text-align: left;\" data-title-color=\"#443f3f\" data-headings-color=\"#443f3f\" class=\"panel-widget-style panel-widget-style-for-3553-3-0-0\" ><div\n\t\t\t\n\t\t\tclass=\"so-widget-sow-editor so-widget-sow-editor-base\"\n\t\t\t\n\t\t><h3 class=\"widget-title\">Apprentissage par la pratique<\/h3>\n<div class=\"siteorigin-widget-tinymce textwidget\">\n\t<p style=\"text-align: center;\">Ce <strong>programme d\u2019immersion de 12 semaines<\/strong> allie <strong>apprentissage par la pratique<\/strong>, <strong>coaching<\/strong> et <strong>mentorat<\/strong>, dans un environnement professionnel stimulant. Nos apprenants ont ainsi l\u2019opportunit\u00e9 d\u2019exprimer leur <strong>savoir-faire<\/strong> sur des projets r\u00e9els, tout en apprenant les bases du d\u00e9veloppement professionnel et de carri\u00e8re.<\/p>\n<p style=\"text-align: center;\">Cela leur permet de d\u00e9velopper <strong>des comp\u00e9tences cl\u00e9s<\/strong> recherch\u00e9es par les employeurs. Cela inclut le leadership, l\u2019autonomie, la cr\u00e9ativit\u00e9, la proactivit\u00e9, la communication efficace, le travail en \u00e9quipe, le travail \u00e0 distance.<\/p>\n<\/div>\n<\/div><\/div><\/div><\/div><div id=\"pgc-3553-3-1\"  class=\"panel-grid-cell\" ><div id=\"panel-3553-3-1-0\" class=\"so-panel widget_media_image panel-first-child panel-last-child\" data-index=\"7\" ><div style=\"text-align: left;\" data-title-color=\"#443f3f\" data-headings-color=\"#443f3f\" class=\"panel-widget-style panel-widget-style-for-3553-3-1-0\" ><img src=\"https:\/\/www.agricadvisors.com\/wp-content\/uploads\/2022\/12\/Service-Recrutement-1.jpg\" class=\"image wp-image-4317  attachment-full size-full\" alt=\"\" decoding=\"async\" loading=\"lazy\" style=\"max-width: 100%; height: auto;\" \/><\/div><\/div><\/div><\/div><\/div><div id=\"pg-3553-4\"  class=\"panel-grid panel-has-style\" ><div class=\"siteorigin-panels-stretch panel-row-style panel-row-style-for-3553-4\" style=\"padding: 40px 0; \" data-stretch-type=\"full\" data-overlay=\"true\" data-overlay-color=\"#000000\" ><div id=\"pgc-3553-4-0\"  class=\"panel-grid-cell\" ><div id=\"panel-3553-4-0-0\" class=\"so-panel widget_sow-testimonials panel-first-child panel-last-child\" data-index=\"8\" ><div style=\"text-align: left;\" data-title-color=\"#443f3f\" data-headings-color=\"#443f3f\" class=\"panel-widget-style panel-widget-style-for-3553-4-0-0\" ><div\n\t\t\t\n\t\t\tclass=\"so-widget-sow-testimonials so-widget-sow-testimonials-default-ec49dfec7975-3553\"\n\t\t\t\n\t\t><h3 class=\"widget-title\">T\u00c9MOIGNAGES<\/h3>\t\t<svg style=\"position: absolute; width: 0; height: 0;\" width=\"0\" height=\"0\" version=\"1.1\" xmlns=\"http:\/\/www.w3.org\/2000\/svg\" xmlns:xlink=\"http:\/\/www.w3.org\/1999\/xlink\">\n\t\t\t<defs>\n\t\t\t\t<symbol id=\"icon-caret-down\" viewbox=\"0 0 585 1024\">\n\t\t\t\t\t<title>caret-down<\/title>\n\t\t\t\t\t<path class=\"path1\" d=\"M585.143 402.286q0 14.857-10.857 25.714l-256 256q-10.857 10.857-25.714 10.857t-25.714-10.857l-256-256q-10.857-10.857-10.857-25.714t10.857-25.714 25.714-10.857h512q14.857 0 25.714 10.857t10.857 25.714z\"><\/path>\n\t\t\t\t<\/symbol>\n\t\t\t\t<symbol id=\"icon-caret-up\" viewbox=\"0 0 585 1024\">\n\t\t\t\t\t<title>caret-up<\/title>\n\t\t\t\t\t<path class=\"path1\" d=\"M585.143 694.857q0 14.857-10.857 25.714t-25.714 10.857h-512q-14.857 0-25.714-10.857t-10.857-25.714 10.857-25.714l256-256q10.857-10.857 25.714-10.857t25.714 10.857l256 256q10.857 10.857 10.857 25.714z\"><\/path>\n\t\t\t\t<\/symbol>\n\t\t\t\t<symbol id=\"icon-caret-left\" viewbox=\"0 0 366 1024\">\n\t\t\t\t\t<title>caret-left<\/title>\n\t\t\t\t\t<path class=\"path1\" d=\"M365.714 256v512q0 14.857-10.857 25.714t-25.714 10.857-25.714-10.857l-256-256q-10.857-10.857-10.857-25.714t10.857-25.714l256-256q10.857-10.857 25.714-10.857t25.714 10.857 10.857 25.714z\"><\/path>\n\t\t\t\t<\/symbol>\n\t\t\t\t<symbol id=\"icon-caret-right\" viewbox=\"0 0 366 1024\">\n\t\t\t\t\t<title>caret-right<\/title>\n\t\t\t\t\t<path class=\"path1\" d=\"M329.143 512q0 14.857-10.857 25.714l-256 256q-10.857 10.857-25.714 10.857t-25.714-10.857-10.857-25.714v-512q0-14.857 10.857-25.714t25.714-10.857 25.714 10.857l256 256q10.857 10.857 10.857 25.714z\"><\/path>\n\t\t\t\t<\/symbol>\n\t\t\t<\/defs>\n\t\t<\/svg>\n\t\t<div class=\"sow-testimonials\">\n\t\t\t\t\t<div class=\"sow-testimonial-wrapper sow-user-middle sow-layout-text-below\">\n\t\t\t<div class=\"sow-testimonial\">\n\t\t\t\t\n\t\t\t\t<div class=\"sow-testimonial-user\">\n\t\t\t\t\t\t\t\t\t\t<div class=\"sow-image-wrapper sow-image-wrapper-shape-round\">\n\t\t\t\t\t\t\t\t\t\t\t\t<a href=\"https:\/\/www.linkedin.com\/in\/patrice-romuald-zeufack\/\" target=\"_blank\" rel=\"noopener noreferrer\">\n\t\t\t\t\t\t\t\t\t\t\t\t<div class=\"sow-round-image-frame\" style=\"background-image: url( https:\/\/www.agricadvisors.com\/wp-content\/uploads\/2024\/06\/Zeufack-Patrice-Romuald-1.jpg );\"><\/div>\t\t\t\t\t\t\t\t\t\t\t\t<\/a>\n\t\t\t\t\t\t\t\t\t\t\t<\/div>\n\t\t\t\t\t\n\t\t\t\t\t<div class=\"sow-text\">\n\t\t\t\t\t\t\t\t\t\t\t\t<a href=\"https:\/\/www.linkedin.com\/in\/patrice-romuald-zeufack\/\" target=\"_blank\" rel=\"noopener noreferrer\">\n\t\t\t\t\t\t\t\t\t\t\t\t\t<span class=\"sow-testimonial-name\"><strong>Patrice Romuald Zeufack <\/strong><\/span>\n\t\t\t\t\t\t\t\t\t\t\t\t<\/a>\n\t\t\t\t\t\t\t\t\t\t\t\t\t\t\t\t\t\t\t<a href=\"https:\/\/www.linkedin.com\/in\/patrice-romuald-zeufack\/\" target=\"_blank\" rel=\"noopener noreferrer\">\n\t\t\t\t\t\t\t\t\t\t\t\t\t\t\t\t\t\t\t\t\t\t\t\t\t<\/a>\n\t\t\t\t\t\t\t\t\t\t\t<\/div>\n\t\t\t\t<\/div>\n\n\t\t\t\t\t\t\t\t\t<div class=\"sow-testimonial-text\">\n\t\t\t\t\t\t<p style=\"text-align: center\"><em>\"En plus de me permettre de mieux comprendre le m\u00e9tier d'agronome, ce stage m'a aid\u00e9 \u00e0 \u00e9largir mes perspectives professionnelles et \u00e0 r\u00e9orienter le cours de ma carri\u00e8re\"<\/em><\/p>\n\t\t\t\t\t<\/div>\n\t\t\t\t\t\t\t<\/div>\n\t\t<\/div>\n\t\t\t\t\t<div class=\"sow-testimonial-wrapper sow-user-middle sow-layout-text-below\">\n\t\t\t<div class=\"sow-testimonial\">\n\t\t\t\t\n\t\t\t\t<div class=\"sow-testimonial-user\">\n\t\t\t\t\t\t\t\t\t\t<div class=\"sow-image-wrapper sow-image-wrapper-shape-round\">\n\t\t\t\t\t\t\t\t\t\t\t\t<a href=\"https:\/\/www.linkedin.com\/in\/nkwangue-mehelo-vanessa-michelle-5266461b4\/\" target=\"_blank\" rel=\"noopener noreferrer\">\n\t\t\t\t\t\t\t\t\t\t\t\t<div class=\"sow-round-image-frame\" style=\"background-image: url( https:\/\/www.agricadvisors.com\/wp-content\/uploads\/2024\/06\/Nkwangue-Mehelo-Vanessa-Michelle.jpg );\"><\/div>\t\t\t\t\t\t\t\t\t\t\t\t<\/a>\n\t\t\t\t\t\t\t\t\t\t\t<\/div>\n\t\t\t\t\t\n\t\t\t\t\t<div class=\"sow-text\">\n\t\t\t\t\t\t\t\t\t\t\t\t<a href=\"https:\/\/www.linkedin.com\/in\/nkwangue-mehelo-vanessa-michelle-5266461b4\/\" target=\"_blank\" rel=\"noopener noreferrer\">\n\t\t\t\t\t\t\t\t\t\t\t\t\t<span class=\"sow-testimonial-name\"><strong>Vanessa Michelle Nkwangue Mehelo<\/strong><\/span>\n\t\t\t\t\t\t\t\t\t\t\t\t<\/a>\n\t\t\t\t\t\t\t\t\t\t\t\t\t\t\t\t\t\t\t<a href=\"https:\/\/www.linkedin.com\/in\/nkwangue-mehelo-vanessa-michelle-5266461b4\/\" target=\"_blank\" rel=\"noopener noreferrer\">\n\t\t\t\t\t\t\t\t\t\t\t\t\t\t\t\t\t\t\t\t\t\t\t\t\t<\/a>\n\t\t\t\t\t\t\t\t\t\t\t<\/div>\n\t\t\t\t<\/div>\n\n\t\t\t\t\t\t\t\t\t<div class=\"sow-testimonial-text\">\n\t\t\t\t\t\t<p style=\"text-align: center\"><em>\"This program really catalysed me on several fronts, both in terms of virtual work and personal development, and even professional integration, so much so that I got a job some time after the internship\"<\/em><\/p>\n\t\t\t\t\t<\/div>\n\t\t\t\t\t\t\t<\/div>\n\t\t<\/div>\n\t\t\t\t\t<div class=\"sow-testimonial-wrapper sow-user-middle sow-layout-text-below\">\n\t\t\t<div class=\"sow-testimonial\">\n\t\t\t\t\n\t\t\t\t<div class=\"sow-testimonial-user\">\n\t\t\t\t\t\t\t\t\t\t<div class=\"sow-image-wrapper sow-image-wrapper-shape-round\">\n\t\t\t\t\t\t\t\t\t\t\t\t<a href=\"https:\/\/www.linkedin.com\/in\/dan-yang-damakoa\/\" target=\"_blank\" rel=\"noopener noreferrer\">\n\t\t\t\t\t\t\t\t\t\t\t\t<div class=\"sow-round-image-frame\" style=\"background-image: url( https:\/\/www.agricadvisors.com\/wp-content\/uploads\/2024\/06\/Yang-Damakoa-Dan-2-scaled.jpg );\"><\/div>\t\t\t\t\t\t\t\t\t\t\t\t<\/a>\n\t\t\t\t\t\t\t\t\t\t\t<\/div>\n\t\t\t\t\t\n\t\t\t\t\t<div class=\"sow-text\">\n\t\t\t\t\t\t\t\t\t\t\t\t<a href=\"https:\/\/www.linkedin.com\/in\/dan-yang-damakoa\/\" target=\"_blank\" rel=\"noopener noreferrer\">\n\t\t\t\t\t\t\t\t\t\t\t\t\t<span class=\"sow-testimonial-name\"><strong>Dan Yang Damakoa<\/strong><\/span>\n\t\t\t\t\t\t\t\t\t\t\t\t<\/a>\n\t\t\t\t\t\t\t\t\t\t\t\t\t\t\t\t\t\t\t<a href=\"https:\/\/www.linkedin.com\/in\/dan-yang-damakoa\/\" target=\"_blank\" rel=\"noopener noreferrer\">\n\t\t\t\t\t\t\t\t\t\t\t\t\t\t\t\t\t\t\t\t\t\t\t\t\t<\/a>\n\t\t\t\t\t\t\t\t\t\t\t<\/div>\n\t\t\t\t<\/div>\n\n\t\t\t\t\t\t\t\t\t<div class=\"sow-testimonial-text\">\n\t\t\t\t\t\t<p style=\"text-align: center\"><em>\"Cette exp\u00e9rience enrichissante m'a permise de d\u00e9velopper des comp\u00e9tences qui m'ont permis de mieux m'int\u00e9grer dans mon poste actuel et de poser des bases solides pour ma future carri\u00e8re\"<\/em><\/p>\n\t\t\t\t\t<\/div>\n\t\t\t\t\t\t\t<\/div>\n\t\t<\/div>\n\t<\/div>\n<\/div><\/div><\/div><\/div><\/div><\/div><div id=\"pg-3553-5\"  class=\"panel-grid panel-has-style\" ><div class=\"siteorigin-panels-stretch panel-row-style panel-row-style-for-3553-5\" style=\"padding: 40px 0; \" data-stretch-type=\"full\" data-overlay=\"true\" data-overlay-color=\"#000000\" ><div id=\"pgc-3553-5-0\"  class=\"panel-grid-cell\" ><div id=\"panel-3553-5-0-0\" class=\"so-panel widget_sow-editor panel-first-child\" data-index=\"9\" ><div style=\"text-align: left;\" data-title-color=\"#443f3f\" data-headings-color=\"#443f3f\" class=\"panel-widget-style panel-widget-style-for-3553-5-0-0\" ><div\n\t\t\t\n\t\t\tclass=\"so-widget-sow-editor so-widget-sow-editor-base\"\n\t\t\t\n\t\t><h3 class=\"widget-title\">FAQ<\/h3>\n<div class=\"siteorigin-widget-tinymce textwidget\">\n\t<h4 style=\"text-align: center;\">\u00c0 qui s'adresse le programme?<\/h4>\n<p style=\"text-align: center;\">Ce programme est ouvert aux r\u00e9cents dipl\u00f4m\u00e9s (moins de 3 ans id\u00e9alement) en agronomie, avec ou sans exp\u00e9rience professionnelle.<\/p>\n<h4 style=\"text-align: center;\">De quoi aurez-vous besoin ?<\/h4>\n<p style=\"text-align: center;\">Le stage s\u2019effectue \u00e0 distance, permettant ainsi une meilleure inclusion g\u00e9ographique des candidats provenant des quatre coins du pays. Vous aurez donc besoin d\u2019un ordinateur portable, d\u2019un t\u00e9l\u00e9phone intelligent et d\u2019une bonne connexion internet. Veuillez noter que nous recevons beaucoup de demandes et que le nombre de places est limit\u00e9. Vous devez donc vous d\u00e9marquer par votre dynamisme et votre volont\u00e9 d\u2019apprendre. Les candidatures f\u00e9minines sont encourag\u00e9es.<\/p>\n<h4 style=\"text-align: center;\">Comment et quand postuler ?<\/h4>\n<p style=\"text-align: center;\">Nous recrutons r\u00e9guli\u00e8rement de nouvelles cohortes. Visitez notre page carri\u00e8res et suivez-nous sur les r\u00e9seaux sociaux pour rester inform\u00e9s. Vous pouvez \u00e9galement nous envoyer une candidature spontan\u00e9e, comprenant votre CV et votre lettre de motivation, \u00e0 agronomist@agricadvisors.com. Veuillez pr\u00e9ciser dans l\u2019objet du message : \u00ab Candidat au programme Nouveau Dipl\u00f4m\u00e9 \u00bb.<\/p>\n<\/div>\n<\/div><\/div><\/div><div id=\"panel-3553-5-0-1\" class=\"so-panel widget_sydney_action sydney_action_widget panel-last-child\" data-index=\"10\" ><div style=\"text-align: left;\" data-title-color=\"#443f3f\" data-headings-color=\"#443f3f\" class=\"panel-widget-style panel-widget-style-for-3553-5-0-1\" >        <div class=\"roll-promobox aside-style\">\r\n\t\t\t<div class=\"promo-wrap\">\r\n\t\t\t\t\t\t\t\t<div class=\"promo-controls\">\r\n\t\t\t\t\t<a href=\"https:\/\/www.agricadvisors.com\/careers\/\" class=\"roll-button border\">Carri\u00e8res<\/a>\r\n\t\t\t\t<\/div>\r\n\t\t\t<\/div>\r\n        <\/div>\r\n\t<\/div><\/div><\/div><\/div><\/div><div id=\"pg-3553-6\"  class=\"panel-grid panel-has-style\" ><div class=\"siteorigin-panels-stretch mob-pad-15 panel-row-style panel-row-style-for-3553-6\" style=\"padding: 10px 0; \" id=\"Contact-us\" data-stretch-type=\"full\" data-overlay=\"true\" data-overlay-color=\"#000000\" ><div id=\"pgc-3553-6-0\"  class=\"panel-grid-cell\" ><div id=\"panel-3553-6-0-0\" class=\"so-panel widget_sow-editor panel-first-child\" data-index=\"11\" ><div style=\"text-align: left;\" data-title-color=\"#ffffff\" data-headings-color=\"#ffffff\" class=\"panel-widget-style panel-widget-style-for-3553-6-0-0\" ><div\n\t\t\t\n\t\t\tclass=\"so-widget-sow-editor so-widget-sow-editor-base\"\n\t\t\t\n\t\t>\n<div class=\"siteorigin-widget-tinymce textwidget\">\n\t<p style=\"text-align: center;\"><strong>Suivez-nous sur nos r\u00e9seaux sociaux<\/strong><\/p>\n<\/div>\n<\/div><\/div><\/div><div id=\"panel-3553-6-0-1\" class=\"so-panel widget_sow-social-media-buttons panel-last-child\" data-index=\"12\" ><div style=\"text-align: left;\" data-title-color=\"#ffffff\" data-headings-color=\"#ffffff\" class=\"panel-widget-style panel-widget-style-for-3553-6-0-1\" ><div\n\t\t\t\n\t\t\tclass=\"so-widget-sow-social-media-buttons so-widget-sow-social-media-buttons-flat-b911c02e507f-3553\"\n\t\t\t\n\t\t>\n\n<div class=\"social-media-button-container\">\n\t\n\t\t<a class=\"ow-button-hover sow-social-media-button-facebook-0 sow-social-media-button\" title=\"AgricAdvisors sur Facebook\" aria-label=\"AgricAdvisors sur Facebook\" target=\"_blank\" rel=\"noopener noreferrer\" href=\"https:\/\/www.facebook.com\/AgricAdvisors\" >\n\t\t\t<span>\n\t\t\t\t\t\t\t\t<span class=\"sow-icon-fontawesome sow-fab\" data-sow-icon=\"&#xf39e;\"\n\t\t \n\t\taria-hidden=\"true\"><\/span>\t\t\t\t\t\t\t<\/span>\n\t\t<\/a>\n\t\n\t\t<a class=\"ow-button-hover sow-social-media-button-linkedin-0 sow-social-media-button\" title=\"AgricAdvisors sur Linkedin\" aria-label=\"AgricAdvisors sur Linkedin\" target=\"_blank\" rel=\"noopener noreferrer\" href=\"https:\/\/www.linkedin.com\/company\/agricadvisors\" >\n\t\t\t<span>\n\t\t\t\t\t\t\t\t<span class=\"sow-icon-fontawesome sow-fab\" data-sow-icon=\"&#xf0e1;\"\n\t\t \n\t\taria-hidden=\"true\"><\/span>\t\t\t\t\t\t\t<\/span>\n\t\t<\/a>\n\t\n\t\t<a class=\"ow-button-hover sow-social-media-button-x-twitter-0 sow-social-media-button\" title=\"AgricAdvisors sur X Twitter\" aria-label=\"AgricAdvisors sur X Twitter\" target=\"_blank\" rel=\"noopener noreferrer\" href=\"https:\/\/twitter.com\/AgricAdvisors\" >\n\t\t\t<span>\n\t\t\t\t\t\t\t\t<span class=\"sow-icon-fontawesome sow-fab\" data-sow-icon=\"&#xe61b;\"\n\t\t \n\t\taria-hidden=\"true\"><\/span>\t\t\t\t\t\t\t<\/span>\n\t\t<\/a>\n\t\n\t\t<a class=\"ow-button-hover sow-social-media-button-youtube-0 sow-social-media-button\" title=\"AgricAdvisors sur Youtube\" aria-label=\"AgricAdvisors sur Youtube\" target=\"_blank\" rel=\"noopener noreferrer\" href=\"https:\/\/www.youtube.com\/@AgricAdvisors\" >\n\t\t\t<span>\n\t\t\t\t\t\t\t\t<span class=\"sow-icon-fontawesome sow-fab\" data-sow-icon=\"&#xf167;\"\n\t\t \n\t\taria-hidden=\"true\"><\/span>\t\t\t\t\t\t\t<\/span>\n\t\t<\/a>\n\t<\/div>\n<\/div><\/div><\/div><\/div><\/div><\/div><\/div>","protected":false},"excerpt":{"rendered":"<p>We are aware of the difficulty that young agronomy graduates may have in finding their first work experience. True to [&hellip;]<\/p>","protected":false},"author":1,"featured_media":0,"parent":0,"menu_order":0,"comment_status":"closed","ping_status":"closed","template":"page-templates\/page_front-page.php","meta":[],"_links":{"self":[{"href":"https:\/\/www.agricadvisors.com\/fr\/wp-json\/wp\/v2\/pages\/3553"}],"collection":[{"href":"https:\/\/www.agricadvisors.com\/fr\/wp-json\/wp\/v2\/pages"}],"about":[{"href":"https:\/\/www.agricadvisors.com\/fr\/wp-json\/wp\/v2\/types\/page"}],"author":[{"embeddable":true,"href":"https:\/\/www.agricadvisors.com\/fr\/wp-json\/wp\/v2\/users\/1"}],"replies":[{"embeddable":true,"href":"https:\/\/www.agricadvisors.com\/fr\/wp-json\/wp\/v2\/comments?post=3553"}],"version-history":[{"count":147,"href":"https:\/\/www.agricadvisors.com\/fr\/wp-json\/wp\/v2\/pages\/3553\/revisions"}],"predecessor-version":[{"id":6059,"href":"https:\/\/www.agricadvisors.com\/fr\/wp-json\/wp\/v2\/pages\/3553\/revisions\/6059"}],"wp:attachment":[{"href":"https:\/\/www.agricadvisors.com\/fr\/wp-json\/wp\/v2\/media?parent=3553"}],"curies":[{"name":"wp","href":"https:\/\/api.w.org\/{rel}","templated":true}]}}