{"id":3451,"date":"2022-03-20T00:57:40","date_gmt":"2022-03-20T04:57:40","guid":{"rendered":"http:\/\/www.agricadvisors.com\/?page_id=3451"},"modified":"2024-09-17T15:51:23","modified_gmt":"2024-09-17T19:51:23","slug":"become-an-agricadvisor","status":"publish","type":"page","link":"https:\/\/www.agricadvisors.com\/fr\/become-an-agricadvisor\/","title":{"rendered":"DEVENEZ UN CONSEILLER AGRICOLE"},"content":{"rendered":"<div id=\"pl-3451\"  class=\"panel-layout\" ><div id=\"pg-3451-0\"  class=\"panel-grid panel-has-style\" ><div class=\"siteorigin-panels-stretch panel-row-style panel-row-style-for-3451-0\" style=\"background-image: url(https:\/\/www.agricadvisors.com\/wp-content\/uploads\/2020\/11\/DSC00231-scaled.jpg);padding: 100px 0; \" data-stretch-type=\"full\" data-hasbg=\"hasbg\" data-overlay=\"true\" data-overlay-color=\"#000000\" ><div id=\"pgc-3451-0-0\"  class=\"panel-grid-cell\" ><div id=\"panel-3451-0-0-0\" class=\"so-panel widget_sow-editor panel-first-child\" data-index=\"0\" ><div style=\"text-align: left;\" data-title-color=\"#ffffff\" data-headings-color=\"#ffffff\" class=\"panel-widget-style panel-widget-style-for-3451-0-0-0\" ><div\n\t\t\t\n\t\t\tclass=\"so-widget-sow-editor so-widget-sow-editor-base\"\n\t\t\t\n\t\t><h3 class=\"widget-title\">BECOME AN AGRICADVISOR<\/h3>\n<div class=\"siteorigin-widget-tinymce textwidget\">\n\t<h5 style=\"text-align: center;\">Would you like to put your experience and know-how at the service of agricultural development?<br \/>\nWould you like to seize opportunities to participate in stimulating projects within your community?<br \/>\nWould you like to vary your professional experience, while keeping your current job?<\/h5>\n<h5 style=\"text-align: center;\">This opportunity could interest you!<\/h5>\n<p>&nbsp;<\/p>\n<\/div>\n<\/div><\/div><\/div><div id=\"panel-3451-0-0-1\" class=\"so-panel widget_sydney_action sydney_action_widget panel-last-child\" data-index=\"1\" ><div style=\"text-align: left;\" data-title-color=\"#ffffff\" data-headings-color=\"#ffffff\" class=\"panel-widget-style panel-widget-style-for-3451-0-0-1\" >        <div class=\"roll-promobox aside-style\">\r\n\t\t\t<div class=\"promo-wrap\">\r\n\t\t\t\t\t\t\t\t<div class=\"promo-controls\">\r\n\t\t\t\t\t<a href=\"http:\/\/www.agricadvisors.com\/become-an-agricadvisor\/#primary\" class=\"roll-button border\">En savoir plus<\/a>\r\n\t\t\t\t<\/div>\r\n\t\t\t<\/div>\r\n        <\/div>\r\n\t<\/div><\/div><\/div><\/div><\/div><div id=\"pg-3451-1\"  class=\"panel-grid panel-has-style\" ><div class=\"siteorigin-panels-stretch panel-row-style panel-row-style-for-3451-1\" style=\"text-align: center;padding: 40px 0; \" id=\"community\" data-stretch-type=\"full\" data-overlay=\"true\" data-overlay-color=\"#000000\" ><div id=\"pgc-3451-1-0\"  class=\"panel-grid-cell\" ><div id=\"panel-3451-1-0-0\" class=\"so-panel widget_text panel-first-child\" data-index=\"2\" ><div style=\"text-align: center;\" data-title-color=\"#443f3f\" data-headings-color=\"#443f3f\" class=\"panel-widget-style panel-widget-style-for-3451-1-0-0\" ><h3 class=\"widget-title\">Conseiller(\u00e8re) phytosanitaire<\/h3>\t\t\t<div class=\"textwidget\"><p>Une carri\u00e8re dans le domaine phytosanitaire vous int\u00e9resse, ou alors vous voulez simplement am\u00e9liorer vos connaissances en protection des cultures? Vous avez du mal \u00e0 connaitre les produits recommand\u00e9s pour les probl\u00e8mes phytosanitaires dans votre plantation, ou alors vous voulez \u00eatre capable de recommander efficacement les solutions efficaces \u00e0 des producteurs agricoles?<\/p>\n<p>Cette formation est faite pour vous\u00a0!<\/p>\n<\/div>\n\t\t<\/div><\/div><div id=\"panel-3451-1-0-1\" class=\"so-panel widget_sydney_action sydney_action_widget panel-last-child\" data-index=\"3\" ><div style=\"text-align: center;\" data-title-color=\"#ffffff\" data-headings-color=\"#81d742\" class=\"panel-widget-style panel-widget-style-for-3451-1-0-1\" >        <div class=\"roll-promobox aside-style\">\r\n\t\t\t<div class=\"promo-wrap\">\r\n\t\t\t\t\t\t\t\t<div class=\"promo-controls\">\r\n\t\t\t\t\t<a href=\"\" class=\"roll-button border\">D\u00e9tails \u00e0 venir<\/a>\r\n\t\t\t\t<\/div>\r\n\t\t\t<\/div>\r\n        <\/div>\r\n\t<\/div><\/div><\/div><div id=\"pgc-3451-1-1\"  class=\"panel-grid-cell\" ><div id=\"panel-3451-1-1-0\" class=\"so-panel widget_media_image panel-first-child panel-last-child\" data-index=\"4\" ><div style=\"text-align: left;\" data-title-color=\"#443f3f\" data-headings-color=\"#443f3f\" class=\"panel-widget-style panel-widget-style-for-3451-1-1-0\" ><img width=\"1536\" height=\"1152\" src=\"https:\/\/www.agricadvisors.com\/wp-content\/uploads\/2020\/11\/Agriculture-farm-2.jpg\" class=\"image wp-image-3080  attachment-full size-full\" alt=\"\" decoding=\"async\" loading=\"lazy\" style=\"max-width: 100%; height: auto;\" srcset=\"https:\/\/www.agricadvisors.com\/wp-content\/uploads\/2020\/11\/Agriculture-farm-2.jpg 1536w, https:\/\/www.agricadvisors.com\/wp-content\/uploads\/2020\/11\/Agriculture-farm-2-300x225.jpg 300w, https:\/\/www.agricadvisors.com\/wp-content\/uploads\/2020\/11\/Agriculture-farm-2-1024x768.jpg 1024w, https:\/\/www.agricadvisors.com\/wp-content\/uploads\/2020\/11\/Agriculture-farm-2-768x576.jpg 768w, https:\/\/www.agricadvisors.com\/wp-content\/uploads\/2020\/11\/Agriculture-farm-2-830x623.jpg 830w, https:\/\/www.agricadvisors.com\/wp-content\/uploads\/2020\/11\/Agriculture-farm-2-230x173.jpg 230w, https:\/\/www.agricadvisors.com\/wp-content\/uploads\/2020\/11\/Agriculture-farm-2-350x263.jpg 350w, https:\/\/www.agricadvisors.com\/wp-content\/uploads\/2020\/11\/Agriculture-farm-2-480x360.jpg 480w\" sizes=\"(max-width: 1536px) 100vw, 1536px\" \/><\/div><\/div><\/div><\/div><\/div><div id=\"pg-3451-2\"  class=\"panel-grid panel-has-style\" ><div class=\"siteorigin-panels-stretch panel-row-style panel-row-style-for-3451-2\" style=\"text-align: center;padding: 40px 0; \" id=\"community\" data-stretch-type=\"full\" data-overlay=\"true\" data-overlay-color=\"#000000\" ><div id=\"pgc-3451-2-0\"  class=\"panel-grid-cell\" ><div id=\"panel-3451-2-0-0\" class=\"so-panel widget_media_image panel-first-child panel-last-child\" data-index=\"5\" ><div style=\"text-align: left;\" data-title-color=\"#443f3f\" data-headings-color=\"#443f3f\" class=\"panel-widget-style panel-widget-style-for-3451-2-0-0\" ><img width=\"2560\" height=\"1920\" src=\"https:\/\/www.agricadvisors.com\/wp-content\/uploads\/2020\/11\/DSC00231-scaled.jpg\" class=\"image wp-image-3098  attachment-full size-full\" alt=\"\" decoding=\"async\" loading=\"lazy\" style=\"max-width: 100%; height: auto;\" srcset=\"https:\/\/www.agricadvisors.com\/wp-content\/uploads\/2020\/11\/DSC00231-scaled.jpg 2560w, https:\/\/www.agricadvisors.com\/wp-content\/uploads\/2020\/11\/DSC00231-300x225.jpg 300w\" sizes=\"(max-width: 2560px) 100vw, 2560px\" \/><\/div><\/div><\/div><div id=\"pgc-3451-2-1\"  class=\"panel-grid-cell\" ><div id=\"panel-3451-2-1-0\" class=\"so-panel widget_text panel-first-child\" data-index=\"6\" ><div style=\"text-align: center;\" data-title-color=\"#443f3f\" data-headings-color=\"#443f3f\" class=\"panel-widget-style panel-widget-style-for-3451-2-1-0\" ><h3 class=\"widget-title\">Gestion des projets agricoles<\/h3>\t\t\t<div class=\"textwidget\"><p>Vous voulez orienter votre carri\u00e8re vers la gestion de projets agricoles ou d\u00e9velopper des comp\u00e9tences en gestion des projets n\u00e9cessaires pour vos emplois ou projets actuels?<\/p>\n<p>Saisissez cette opportunit\u00e9 unique!<\/p>\n<\/div>\n\t\t<\/div><\/div><div id=\"panel-3451-2-1-1\" class=\"so-panel widget_sydney_action sydney_action_widget panel-last-child\" data-index=\"7\" ><div style=\"text-align: center;\" data-title-color=\"#ffffff\" data-headings-color=\"#81d742\" class=\"panel-widget-style panel-widget-style-for-3451-2-1-1\" >        <div class=\"roll-promobox aside-style\">\r\n\t\t\t<div class=\"promo-wrap\">\r\n\t\t\t\t\t\t\t\t<div class=\"promo-controls\">\r\n\t\t\t\t\t<a href=\"\" class=\"roll-button border\">D\u00e9tails \u00e0 venir<\/a>\r\n\t\t\t\t<\/div>\r\n\t\t\t<\/div>\r\n        <\/div>\r\n\t<\/div><\/div><\/div><\/div><\/div><div id=\"pg-3451-3\"  class=\"panel-grid panel-has-style\" ><div class=\"siteorigin-panels-stretch panel-row-style panel-row-style-for-3451-3\" style=\"padding: 40px 0; \" data-stretch-type=\"full\" data-overlay=\"true\" data-overlay-color=\"#000000\" ><div id=\"pgc-3451-3-0\"  class=\"panel-grid-cell\" ><div id=\"panel-3451-3-0-0\" class=\"so-panel widget_sydney_action sydney_action_widget panel-first-child panel-last-child\" data-index=\"8\" ><div style=\"text-align: left;\" data-title-color=\"#443f3f\" data-headings-color=\"#ffffff\" class=\"panel-widget-style panel-widget-style-for-3451-3-0-0\" >        <div class=\"roll-promobox aside-style\">\r\n\t\t\t<div class=\"promo-wrap\">\r\n\t\t\t\t\t\t\t\t<div class=\"promo-content\">\r\n\t\t\t\t\t<h3 class=\"title\">Nos formations sont pratiques et participatives, afin de permettre aux apprenants d\u2019\u00eatre op\u00e9rationnels d\u00e8s la fin de leur formation.  Nos facilitateurs sont des professionnels, experts dans leurs domaines respectifs et cumulant plusieurs ann\u00e9es d\u2019exp\u00e9riences pratiques.<\/h3>\r\n\t\t\t\t<\/div>\r\n\t\t\t\t\t\t\t\t<div class=\"promo-controls\">\r\n\t\t\t\t\t<a href=\"http:\/\/www.agricadvisors.com\/#contact-us\" class=\"roll-button border\">Contactez nous pour en apprendre plus<\/a>\r\n\t\t\t\t<\/div>\r\n\t\t\t<\/div>\r\n        <\/div>\r\n\t<\/div><\/div><\/div><\/div><\/div><div id=\"pg-3451-4\"  class=\"panel-grid panel-has-style\" ><div class=\"siteorigin-panels-stretch panel-row-style panel-row-style-for-3451-4\" style=\"text-align: center;padding: 40px 0; \" id=\"community\" data-stretch-type=\"full\" data-overlay=\"true\" data-overlay-color=\"#000000\" ><div id=\"pgc-3451-4-0\"  class=\"panel-grid-cell\" ><div id=\"panel-3451-4-0-0\" class=\"so-panel widget_sow-editor panel-first-child\" data-index=\"9\" ><div style=\"text-align: left;\" data-title-color=\"#443f3f\" data-headings-color=\"#443f3f\" class=\"panel-widget-style panel-widget-style-for-3451-4-0-0\" ><div\n\t\t\t\n\t\t\tclass=\"so-widget-sow-editor so-widget-sow-editor-base\"\n\t\t\t\n\t\t><h3 class=\"widget-title\">HOW TO BECOME AN AGRICADVISOR<\/h3>\n<div class=\"siteorigin-widget-tinymce textwidget\">\n\t<p><strong>1. Application<\/strong><br \/>\nComplete and submit your Application form<\/p>\n<p><strong>2. Validation<\/strong><br \/>\nWe will review your application and notify you if it has been accepted. You will then be added to our database of consultants.<\/p>\n<p><strong>3. Call for expression of interest<\/strong><br \/>\nYou will be contacted when we have contracts in your area or that require your know-how.<\/p>\n<p><strong>4. Selection interview<\/strong><br \/>\nThis will determine if you are the right candidate for the project.<\/p>\n<p><strong>5. Verifications and signing of the contract<\/strong><br \/>\nWe will verify your identity and references before having you sign the contract.<\/p>\n<p><strong>6. Training and tools<\/strong><br \/>\nYou receive training and we will also provide you with the tools that will allow you to successfully complete the project.<\/p>\n<p>&nbsp;<\/p>\n<\/div>\n<\/div><\/div><\/div><div id=\"panel-3451-4-0-1\" class=\"so-panel widget_sydney_action sydney_action_widget panel-last-child\" data-index=\"10\" ><div style=\"text-align: center;\" data-title-color=\"#ffffff\" data-headings-color=\"#81d742\" class=\"panel-widget-style panel-widget-style-for-3451-4-0-1\" >        <div class=\"roll-promobox aside-style\">\r\n\t\t\t<div class=\"promo-wrap\">\r\n\t\t\t\t\t\t\t\t<div class=\"promo-controls\">\r\n\t\t\t\t\t<a href=\"http:\/\/www.agricadvisors.com\/fr\/preparation-au-marche-de-lemploi\/\" class=\"roll-button border\">En apprendre plus<\/a>\r\n\t\t\t\t<\/div>\r\n\t\t\t<\/div>\r\n        <\/div>\r\n\t<\/div><\/div><\/div><div id=\"pgc-3451-4-1\"  class=\"panel-grid-cell\" ><div id=\"panel-3451-4-1-0\" class=\"so-panel widget_media_image panel-first-child panel-last-child\" data-index=\"11\" ><div style=\"text-align: left;\" data-title-color=\"#443f3f\" data-headings-color=\"#443f3f\" class=\"panel-widget-style panel-widget-style-for-3451-4-1-0\" ><img src=\"https:\/\/www.agricadvisors.com\/wp-content\/uploads\/2022\/04\/Job-interview-min.jpg\" class=\"image wp-image-3639  attachment-full size-full\" alt=\"\" decoding=\"async\" loading=\"lazy\" style=\"max-width: 100%; height: auto;\" \/><\/div><\/div><\/div><\/div><\/div><div id=\"pg-3451-5\"  class=\"panel-grid panel-has-style\" ><div class=\"siteorigin-panels-stretch panel-row-style panel-row-style-for-3451-5\" style=\"text-align: center;padding: 40px 0; \" id=\"community\" data-stretch-type=\"full\" data-overlay=\"true\" data-overlay-color=\"#000000\" ><div id=\"pgc-3451-5-0\"  class=\"panel-grid-cell\" ><div id=\"panel-3451-5-0-0\" class=\"so-panel widget_media_image panel-first-child panel-last-child\" data-index=\"12\" ><div style=\"text-align: left;\" data-title-color=\"#443f3f\" data-headings-color=\"#443f3f\" class=\"panel-widget-style panel-widget-style-for-3451-5-0-0\" ><img src=\"https:\/\/www.agricadvisors.com\/wp-content\/uploads\/2022\/03\/Graduate-min.jpg\" class=\"image wp-image-3426  attachment-full size-full\" alt=\"\" decoding=\"async\" loading=\"lazy\" style=\"max-width: 100%; height: auto;\" \/><\/div><\/div><\/div><div id=\"pgc-3451-5-1\"  class=\"panel-grid-cell\" ><div id=\"panel-3451-5-1-0\" class=\"so-panel widget_text panel-first-child\" data-index=\"13\" ><div style=\"text-align: center;\" data-title-color=\"#443f3f\" data-headings-color=\"#443f3f\" class=\"panel-widget-style panel-widget-style-for-3451-5-1-0\" ><h3 class=\"widget-title\">PROGRAMME NOUVEAU DIPL\u00d4M\u00c9<\/h3>\t\t\t<div class=\"textwidget\"><p>Vous \u00eates jeune dipl\u00f4m\u00e9 en agronomie, \u00e0 la recherche d\u2019une premi\u00e8re exp\u00e9rience professionnelle ? D\u00e9couvrez notre programme pour nouveaux dipl\u00f4m\u00e9s.<\/p>\n<\/div>\n\t\t<\/div><\/div><div id=\"panel-3451-5-1-1\" class=\"so-panel widget_sydney_action sydney_action_widget panel-last-child\" data-index=\"14\" ><div style=\"text-align: center;\" data-title-color=\"#ffffff\" data-headings-color=\"#81d742\" class=\"panel-widget-style panel-widget-style-for-3451-5-1-1\" >        <div class=\"roll-promobox aside-style\">\r\n\t\t\t<div class=\"promo-wrap\">\r\n\t\t\t\t\t\t\t\t<div class=\"promo-controls\">\r\n\t\t\t\t\t<a href=\"http:\/\/www.agricadvisors.com\/fr\/programme-nouveau-diplome\/\" class=\"roll-button border\">En apprendre plus<\/a>\r\n\t\t\t\t<\/div>\r\n\t\t\t<\/div>\r\n        <\/div>\r\n\t<\/div><\/div><\/div><\/div><\/div><div id=\"pg-3451-6\"  class=\"panel-grid panel-has-style\" ><div class=\"siteorigin-panels-stretch panel-row-style panel-row-style-for-3451-6\" style=\"padding: 20px 0; \" data-stretch-type=\"full\" data-overlay=\"true\" data-overlay-color=\"#000000\" ><div id=\"pgc-3451-6-0\"  class=\"panel-grid-cell\" ><div id=\"panel-3451-6-0-0\" class=\"so-panel widget_sow-social-media-buttons panel-first-child panel-last-child\" data-index=\"15\" ><div style=\"text-align: left;\" data-title-color=\"#443f3f\" data-headings-color=\"#443f3f\" class=\"panel-widget-style panel-widget-style-for-3451-6-0-0\" ><div\n\t\t\t\n\t\t\tclass=\"so-widget-sow-social-media-buttons so-widget-sow-social-media-buttons-flat-5cd90c0814e6-3451\"\n\t\t\t\n\t\t>\n\n<div class=\"social-media-button-container\">\n\t\n\t\t<a class=\"ow-button-hover sow-social-media-button-facebook-0 sow-social-media-button\" title=\"AgricAdvisors sur Facebook\" aria-label=\"AgricAdvisors sur Facebook\" target=\"_blank\" rel=\"noopener noreferrer\" href=\"https:\/\/www.facebook.com\/AgricAdvisors\" >\n\t\t\t<span>\n\t\t\t\t\t\t\t\t<span class=\"sow-icon-fontawesome sow-fab\" data-sow-icon=\"&#xf39e;\"\n\t\t \n\t\taria-hidden=\"true\"><\/span>\t\t\t\t\t\t\t<\/span>\n\t\t<\/a>\n\t\n\t\t<a class=\"ow-button-hover sow-social-media-button-linkedin-0 sow-social-media-button\" title=\"AgricAdvisors sur Linkedin\" aria-label=\"AgricAdvisors sur Linkedin\" target=\"_blank\" rel=\"noopener noreferrer\" href=\"https:\/\/www.linkedin.com\/company\/agricadvisors\" >\n\t\t\t<span>\n\t\t\t\t\t\t\t\t<span class=\"sow-icon-fontawesome sow-fab\" data-sow-icon=\"&#xf0e1;\"\n\t\t \n\t\taria-hidden=\"true\"><\/span>\t\t\t\t\t\t\t<\/span>\n\t\t<\/a>\n\t\n\t\t<a class=\"ow-button-hover sow-social-media-button-twitter-0 sow-social-media-button\" title=\"AgricAdvisors sur Twitter\" aria-label=\"AgricAdvisors sur Twitter\" target=\"_blank\" rel=\"noopener noreferrer\" href=\"https:\/\/twitter.com\/AgricAdvisors\" >\n\t\t\t<span>\n\t\t\t\t\t\t\t\t<span class=\"sow-icon-fontawesome sow-fab\" data-sow-icon=\"&#xf099;\"\n\t\t \n\t\taria-hidden=\"true\"><\/span>\t\t\t\t\t\t\t<\/span>\n\t\t<\/a>\n\t<\/div>\n<\/div><\/div><\/div><\/div><\/div><\/div><\/div>","protected":false},"excerpt":{"rendered":"<p>Would you like to put your experience and know-how at the service of agricultural development? Would you like to seize [&hellip;]<\/p>","protected":false},"author":1,"featured_media":0,"parent":0,"menu_order":0,"comment_status":"closed","ping_status":"closed","template":"page-templates\/page_front-page.php","meta":[],"_links":{"self":[{"href":"https:\/\/www.agricadvisors.com\/fr\/wp-json\/wp\/v2\/pages\/3451"}],"collection":[{"href":"https:\/\/www.agricadvisors.com\/fr\/wp-json\/wp\/v2\/pages"}],"about":[{"href":"https:\/\/www.agricadvisors.com\/fr\/wp-json\/wp\/v2\/types\/page"}],"author":[{"embeddable":true,"href":"https:\/\/www.agricadvisors.com\/fr\/wp-json\/wp\/v2\/users\/1"}],"replies":[{"embeddable":true,"href":"https:\/\/www.agricadvisors.com\/fr\/wp-json\/wp\/v2\/comments?post=3451"}],"version-history":[{"count":53,"href":"https:\/\/www.agricadvisors.com\/fr\/wp-json\/wp\/v2\/pages\/3451\/revisions"}],"predecessor-version":[{"id":3717,"href":"https:\/\/www.agricadvisors.com\/fr\/wp-json\/wp\/v2\/pages\/3451\/revisions\/3717"}],"wp:attachment":[{"href":"https:\/\/www.agricadvisors.com\/fr\/wp-json\/wp\/v2\/media?parent=3451"}],"curies":[{"name":"wp","href":"https:\/\/api.w.org\/{rel}","templated":true}]}}