{"id":286,"date":"2015-09-04T05:29:41","date_gmt":"2015-09-04T09:29:41","guid":{"rendered":"http:\/\/demo.athemes.com\/sydney\/?page_id=286"},"modified":"2025-02-23T09:48:37","modified_gmt":"2025-02-23T14:48:37","slug":"become-an-advisor","status":"publish","type":"page","link":"https:\/\/www.agricadvisors.com\/fr\/become-an-advisor\/","title":{"rendered":"Devenir conseiller"},"content":{"rendered":"<div id=\"pl-286\"  class=\"panel-layout\" ><div id=\"pg-286-0\"  class=\"panel-grid panel-has-style\" ><div class=\"siteorigin-panels-stretch panel-row-style panel-row-style-for-286-0\" style=\"background-image: url(https:\/\/www.agricadvisors.com\/wp-content\/uploads\/2020\/11\/Agriculture-farm-2.jpg);padding: 100px 0; \" data-stretch-type=\"full\" data-hasbg=\"hasbg\" data-overlay=\"true\" data-overlay-color=\"#000000\" ><div id=\"pgc-286-0-0\"  class=\"panel-grid-cell\" ><div id=\"panel-286-0-0-0\" class=\"so-panel widget_sow-editor panel-first-child\" data-index=\"0\" ><div style=\"text-align: left;\" data-title-color=\"#ffffff\" data-headings-color=\"#ffffff\" class=\"panel-widget-style panel-widget-style-for-286-0-0-0\" ><div\n\t\t\t\n\t\t\tclass=\"so-widget-sow-editor so-widget-sow-editor-base\"\n\t\t\t\n\t\t><h3 class=\"widget-title\">DEVENEZ CONSEILLER AGRICOLE<\/h3>\n<div class=\"siteorigin-widget-tinymce textwidget\">\n\t<h5 style=\"text-align: center;\">Nous sommes actuellement \u00e0 la recherche de conseillers agricoles passionn\u00e9s et engag\u00e9s pour participer \u00e0 divers projets de vulgarisation aupr\u00e8s des agriculteurs. Si vous avez une formation ou une exp\u00e9rience dans le domaine agricole et que vous souhaitez accompagner les agriculteurs dans l'optimisation de leurs pratiques, nous serions ravis de vous accueillir dans notre \u00e9quipe.<\/h5>\n<\/div>\n<\/div><\/div><\/div><div id=\"panel-286-0-0-1\" class=\"so-panel widget_sydney_action sydney_action_widget panel-last-child\" data-index=\"1\" ><div style=\"text-align: left;\" data-title-color=\"#ffffff\" data-headings-color=\"#ffffff\" class=\"panel-widget-style panel-widget-style-for-286-0-0-1\" >        <div class=\"roll-promobox aside-style\">\r\n\t\t\t<div class=\"promo-wrap\">\r\n\t\t\t\t\t\t\t\t<div class=\"promo-controls\">\r\n\t\t\t\t\t<a href=\"https:\/\/www.agricadvisors.com\/training\/#primary\" class=\"roll-button border\">En savoir plus<\/a>\r\n\t\t\t\t<\/div>\r\n\t\t\t<\/div>\r\n        <\/div>\r\n\t<\/div><\/div><\/div><\/div><\/div><div id=\"pg-286-1\"  class=\"panel-grid panel-has-style\" ><div class=\"siteorigin-panels-stretch panel-row-style panel-row-style-for-286-1\" style=\"text-align: center;padding: 40px 0; \" id=\"community\" data-stretch-type=\"full\" data-overlay=\"true\" data-overlay-color=\"#000000\" ><div id=\"pgc-286-1-0\"  class=\"panel-grid-cell\" ><div id=\"panel-286-1-0-0\" class=\"so-panel widget_sow-editor panel-first-child\" data-index=\"2\" ><div style=\"text-align: left;\" data-title-color=\"#443f3f\" data-headings-color=\"#443f3f\" class=\"panel-widget-style panel-widget-style-for-286-1-0-0\" ><div\n\t\t\t\n\t\t\tclass=\"so-widget-sow-editor so-widget-sow-editor-base\"\n\t\t\t\n\t\t>\n<div class=\"siteorigin-widget-tinymce textwidget\">\n\t<h6>VOS MISSIONS COMPRENNENT ENTRE AUTRES :<\/h6>\n<ul>\n<li>\n<h6>Mener des enqu\u00eates aupr\u00e8s des agriculteurs<\/h6>\n<\/li>\n<li>\n<h6>Mettre en place des unit\u00e9s de d\u00e9monstration<\/h6>\n<\/li>\n<li>\n<h6>Collecter des donn\u00e9es de production<\/h6>\n<\/li>\n<li>\n<h6>Animer des ateliers avec les agriculteurs<\/h6>\n<\/li>\n<li>\n<h6>Dispenser une formation aux agriculteurs<\/h6>\n<\/li>\n<li>\n<h6>Mener des campagnes de vulgarisation<\/h6>\n<\/li>\n<li>\n<h6>Promouvoir les produits, services et pratiques agricoles<\/h6>\n<\/li>\n<li>\n<h6>Et bien d\u2019autres\u2026<\/h6>\n<\/li>\n<\/ul>\n<h6><\/h6>\n<\/div>\n<\/div><\/div><\/div><div id=\"panel-286-1-0-1\" class=\"so-panel widget_sydney_action sydney_action_widget panel-last-child\" data-index=\"3\" ><div style=\"text-align: center;\" data-title-color=\"#ffffff\" data-headings-color=\"#81d742\" class=\"panel-widget-style panel-widget-style-for-286-1-0-1\" >        <div class=\"roll-promobox aside-style\">\r\n\t\t\t<div class=\"promo-wrap\">\r\n\t\t\t\t\t\t\t\t<div class=\"promo-controls\">\r\n\t\t\t\t\t<a href=\"https:\/\/www.agricadvisors.com\/contact-us\/\" class=\"roll-button border\">POSTULEZ D\u00c8S AUJOURD'HUI<\/a>\r\n\t\t\t\t<\/div>\r\n\t\t\t<\/div>\r\n        <\/div>\r\n\t<\/div><\/div><\/div><div id=\"pgc-286-1-1\"  class=\"panel-grid-cell\" ><div id=\"panel-286-1-1-0\" class=\"so-panel widget_sow-image panel-first-child panel-last-child\" data-index=\"4\" ><div style=\"text-align: left;\" data-title-color=\"#443f3f\" data-headings-color=\"#443f3f\" class=\"panel-widget-style panel-widget-style-for-286-1-1-0\" ><div\n\t\t\t\n\t\t\tclass=\"so-widget-sow-image so-widget-sow-image-default-8b5b6f678277-286\"\n\t\t\t\n\t\t>\n\n<div class=\"sow-image-container\">\n\t\t<img src=\"https:\/\/www.agricadvisors.com\/wp-content\/uploads\/2024\/04\/89c5671b-af2f-48de-ac36-605428e9e91c.jpg\" width=\"1024\" height=\"1024\" srcset=\"https:\/\/www.agricadvisors.com\/wp-content\/uploads\/2024\/04\/89c5671b-af2f-48de-ac36-605428e9e91c.jpg 1024w, https:\/\/www.agricadvisors.com\/wp-content\/uploads\/2024\/04\/89c5671b-af2f-48de-ac36-605428e9e91c-300x300.jpg 300w, https:\/\/www.agricadvisors.com\/wp-content\/uploads\/2024\/04\/89c5671b-af2f-48de-ac36-605428e9e91c-150x150.jpg 150w, https:\/\/www.agricadvisors.com\/wp-content\/uploads\/2024\/04\/89c5671b-af2f-48de-ac36-605428e9e91c-768x768.jpg 768w, https:\/\/www.agricadvisors.com\/wp-content\/uploads\/2024\/04\/89c5671b-af2f-48de-ac36-605428e9e91c-12x12.jpg 12w, https:\/\/www.agricadvisors.com\/wp-content\/uploads\/2024\/04\/89c5671b-af2f-48de-ac36-605428e9e91c-1000x1000.jpg 1000w, https:\/\/www.agricadvisors.com\/wp-content\/uploads\/2024\/04\/89c5671b-af2f-48de-ac36-605428e9e91c-230x230.jpg 230w, https:\/\/www.agricadvisors.com\/wp-content\/uploads\/2024\/04\/89c5671b-af2f-48de-ac36-605428e9e91c-350x350.jpg 350w, https:\/\/www.agricadvisors.com\/wp-content\/uploads\/2024\/04\/89c5671b-af2f-48de-ac36-605428e9e91c-480x480.jpg 480w\" sizes=\"(max-width: 1024px) 100vw, 1024px\" title=\"_89c5671b-af2f-48de-ac36-605428e9e91c\" alt=\"\" loading=\"lazy\" \t\tclass=\"so-widget-image\"\/>\n\t<\/div>\n\n<\/div><\/div><\/div><\/div><\/div><\/div><div id=\"pg-286-2\"  class=\"panel-grid panel-has-style\" ><div class=\"siteorigin-panels-stretch panel-row-style panel-row-style-for-286-2\" style=\"text-align: center;padding: 40px 0; \" id=\"community\" data-stretch-type=\"full\" data-overlay=\"true\" data-overlay-color=\"#000000\" ><div id=\"pgc-286-2-0\"  class=\"panel-grid-cell\" ><div id=\"panel-286-2-0-0\" class=\"so-panel widget_sow-image panel-first-child panel-last-child\" data-index=\"5\" ><div style=\"text-align: left;\" data-title-color=\"#443f3f\" data-headings-color=\"#443f3f\" class=\"panel-widget-style panel-widget-style-for-286-2-0-0\" ><div\n\t\t\t\n\t\t\tclass=\"so-widget-sow-image so-widget-sow-image-default-8b5b6f678277-286\"\n\t\t\t\n\t\t>\n\n<div class=\"sow-image-container\">\n\t\t<img src=\"https:\/\/www.agricadvisors.com\/wp-content\/uploads\/2020\/11\/DSC00231-1-scaled.jpg\" width=\"2560\" height=\"1920\" srcset=\"https:\/\/www.agricadvisors.com\/wp-content\/uploads\/2020\/11\/DSC00231-1-scaled.jpg 2560w, https:\/\/www.agricadvisors.com\/wp-content\/uploads\/2020\/11\/DSC00231-1-300x225.jpg 300w\" sizes=\"(max-width: 2560px) 100vw, 2560px\" title=\"DSC00231\" alt=\"\" loading=\"lazy\" \t\tclass=\"so-widget-image\"\/>\n\t<\/div>\n\n<\/div><\/div><\/div><\/div><div id=\"pgc-286-2-1\"  class=\"panel-grid-cell\" ><div id=\"panel-286-2-1-0\" class=\"so-panel widget_sow-editor panel-first-child\" data-index=\"6\" ><div style=\"text-align: left;\" data-title-color=\"#443f3f\" data-headings-color=\"#443f3f\" class=\"panel-widget-style panel-widget-style-for-286-2-1-0\" ><div\n\t\t\t\n\t\t\tclass=\"so-widget-sow-editor so-widget-sow-editor-base\"\n\t\t\t\n\t\t>\n<div class=\"siteorigin-widget-tinymce textwidget\">\n\t<h6>PROFIL ID\u00c9AL :<\/h6>\n<ul>\n<li>\n<h6>Formation en agriculture, agronomie ou domaine similaire.<\/h6>\n<\/li>\n<li>\n<h6>Exp\u00e9rience de terrain et connaissance des d\u00e9fis auxquels sont confront\u00e9s les agriculteurs<\/h6>\n<\/li>\n<li>\n<h6>Excellentes comp\u00e9tences p\u00e9dagogiques et capacit\u00e9 \u00e0 vulgariser l'information technique<\/h6>\n<\/li>\n<li>\n<h6>Capacit\u00e9 d'\u00e9coute, de travail en \u00e9quipe et d'autonomie<\/h6>\n<\/li>\n<li>\n<h6>Excellentes comp\u00e9tences en communication et en travail \u00e0 distance<\/h6>\n<\/li>\n<li>\n<h6>Leadership et responsabilit\u00e9<\/h6>\n<\/li>\n<li>\n<h6>Une bonne connaissance des outils digitaux serait un plus<\/h6>\n<\/li>\n<\/ul>\n<\/div>\n<\/div><\/div><\/div><div id=\"panel-286-2-1-1\" class=\"so-panel widget_sydney_action sydney_action_widget panel-last-child\" data-index=\"7\" ><div style=\"text-align: center;\" data-title-color=\"#ffffff\" data-headings-color=\"#81d742\" class=\"panel-widget-style panel-widget-style-for-286-2-1-1\" >        <div class=\"roll-promobox aside-style\">\r\n\t\t\t<div class=\"promo-wrap\">\r\n\t\t\t\t\t\t\t\t<div class=\"promo-controls\">\r\n\t\t\t\t\t<a href=\"https:\/\/www.agricadvisors.com\/contact-us\/\" class=\"roll-button border\">POSTULEZ D\u00c8S AUJOURD'HUI<\/a>\r\n\t\t\t\t<\/div>\r\n\t\t\t<\/div>\r\n        <\/div>\r\n\t<\/div><\/div><\/div><\/div><\/div><div id=\"pg-286-3\"  class=\"panel-grid panel-has-style\" ><div class=\"siteorigin-panels-stretch panel-row-style panel-row-style-for-286-3\" style=\"text-align: center;padding: 40px 0; \" id=\"community\" data-stretch-type=\"full\" data-overlay=\"true\" data-overlay-color=\"#000000\" ><div id=\"pgc-286-3-0\"  class=\"panel-grid-cell\" ><div id=\"panel-286-3-0-0\" class=\"so-panel widget_sow-editor panel-first-child\" data-index=\"8\" ><div style=\"text-align: left;\" data-title-color=\"#443f3f\" data-headings-color=\"#443f3f\" class=\"panel-widget-style panel-widget-style-for-286-3-0-0\" ><div\n\t\t\t\n\t\t\tclass=\"so-widget-sow-editor so-widget-sow-editor-base\"\n\t\t\t\n\t\t>\n<div class=\"siteorigin-widget-tinymce textwidget\">\n\t<h6>POSTULEZ D\u00c8S AUJOURD'HUI<\/h6>\n<ul>\n<li>\n<h6>Mettez en pratique vos comp\u00e9tences et votre formation en agriculture ou en agronomie<\/h6>\n<\/li>\n<li>\n<h6>B\u00e9n\u00e9ficiez de nombreuses formations dans des domaines vari\u00e9s et dispens\u00e9es par des professionnels exp\u00e9riment\u00e9s<\/h6>\n<\/li>\n<li>\n<h6>Acqu\u00e9rir une exp\u00e9rience professionnelle en travaillant sur des projets stimulants, ayant un impact \u00e0 l'\u00e9chelle locale<\/h6>\n<\/li>\n<li>\n<h6>Contribuer activement \u00e0 la modernisation et \u00e0 la durabilit\u00e9 de l\u2019agriculture.<\/h6>\n<\/li>\n<\/ul>\n<\/div>\n<\/div><\/div><\/div><div id=\"panel-286-3-0-1\" class=\"so-panel widget_sydney_action sydney_action_widget panel-last-child\" data-index=\"9\" ><div style=\"text-align: center;\" data-title-color=\"#ffffff\" data-headings-color=\"#81d742\" class=\"panel-widget-style panel-widget-style-for-286-3-0-1\" >        <div class=\"roll-promobox aside-style\">\r\n\t\t\t<div class=\"promo-wrap\">\r\n\t\t\t\t\t\t\t\t<div class=\"promo-controls\">\r\n\t\t\t\t\t<a href=\"https:\/\/www.agricadvisors.com\/contact-us\/\" class=\"roll-button border\">POSTULEZ D\u00c8S AUJOURD'HUI<\/a>\r\n\t\t\t\t<\/div>\r\n\t\t\t<\/div>\r\n        <\/div>\r\n\t<\/div><\/div><\/div><div id=\"pgc-286-3-1\"  class=\"panel-grid-cell\" ><div id=\"panel-286-3-1-0\" class=\"so-panel widget_sow-image panel-first-child panel-last-child\" data-index=\"10\" ><div style=\"text-align: left;\" data-title-color=\"#443f3f\" data-headings-color=\"#443f3f\" class=\"panel-widget-style panel-widget-style-for-286-3-1-0\" ><div\n\t\t\t\n\t\t\tclass=\"so-widget-sow-image so-widget-sow-image-default-8b5b6f678277-286\"\n\t\t\t\n\t\t>\n\n<div class=\"sow-image-container\">\n\t\t<img src=\"https:\/\/www.agricadvisors.com\/wp-content\/uploads\/2024\/06\/37.-iGrow_LinkedIn_etiquette.png\" width=\"1200\" height=\"1200\" srcset=\"https:\/\/www.agricadvisors.com\/wp-content\/uploads\/2024\/06\/37.-iGrow_LinkedIn_etiquette.png 1200w, https:\/\/www.agricadvisors.com\/wp-content\/uploads\/2024\/06\/37.-iGrow_LinkedIn_etiquette-300x300.png 300w, https:\/\/www.agricadvisors.com\/wp-content\/uploads\/2024\/06\/37.-iGrow_LinkedIn_etiquette-1024x1024.png 1024w, https:\/\/www.agricadvisors.com\/wp-content\/uploads\/2024\/06\/37.-iGrow_LinkedIn_etiquette-150x150.png 150w, https:\/\/www.agricadvisors.com\/wp-content\/uploads\/2024\/06\/37.-iGrow_LinkedIn_etiquette-768x768.png 768w, https:\/\/www.agricadvisors.com\/wp-content\/uploads\/2024\/06\/37.-iGrow_LinkedIn_etiquette-12x12.png 12w, https:\/\/www.agricadvisors.com\/wp-content\/uploads\/2024\/06\/37.-iGrow_LinkedIn_etiquette-1000x1000.png 1000w, https:\/\/www.agricadvisors.com\/wp-content\/uploads\/2024\/06\/37.-iGrow_LinkedIn_etiquette-230x230.png 230w, https:\/\/www.agricadvisors.com\/wp-content\/uploads\/2024\/06\/37.-iGrow_LinkedIn_etiquette-350x350.png 350w, https:\/\/www.agricadvisors.com\/wp-content\/uploads\/2024\/06\/37.-iGrow_LinkedIn_etiquette-480x480.png 480w\" sizes=\"(max-width: 1200px) 100vw, 1200px\" title=\"training\" alt=\"\" loading=\"lazy\" \t\tclass=\"so-widget-image\"\/>\n\t<\/div>\n\n<\/div><\/div><\/div><\/div><\/div><\/div><div id=\"pg-286-4\"  class=\"panel-grid panel-has-style\" ><div class=\"siteorigin-panels-stretch mob-pad-15 panel-row-style panel-row-style-for-286-4\" style=\"padding: 10px 0; \" id=\"Contact-us\" data-stretch-type=\"full\" data-overlay=\"true\" data-overlay-color=\"#000000\" ><div id=\"pgc-286-4-0\"  class=\"panel-grid-cell\" ><div id=\"panel-286-4-0-0\" class=\"so-panel widget_sow-editor panel-first-child\" data-index=\"11\" ><div style=\"text-align: left;\" data-title-color=\"#ffffff\" data-headings-color=\"#ffffff\" class=\"panel-widget-style panel-widget-style-for-286-4-0-0\" ><div\n\t\t\t\n\t\t\tclass=\"so-widget-sow-editor so-widget-sow-editor-base\"\n\t\t\t\n\t\t>\n<div class=\"siteorigin-widget-tinymce textwidget\">\n\t<p style=\"text-align: center;\"><strong>Suivez-nous sur nos r\u00e9seaux sociaux<\/strong><\/p>\n<\/div>\n<\/div><\/div><\/div><div id=\"panel-286-4-0-1\" class=\"so-panel widget_sow-social-media-buttons panel-last-child\" data-index=\"12\" ><div style=\"text-align: left;\" data-title-color=\"#ffffff\" data-headings-color=\"#ffffff\" class=\"panel-widget-style panel-widget-style-for-286-4-0-1\" ><div\n\t\t\t\n\t\t\tclass=\"so-widget-sow-social-media-buttons so-widget-sow-social-media-buttons-flat-b911c02e507f-286\"\n\t\t\t\n\t\t>\n\n<div class=\"social-media-button-container\">\n\t\n\t\t<a class=\"ow-button-hover sow-social-media-button-facebook-0 sow-social-media-button\" title=\"AgricAdvisors sur Facebook\" aria-label=\"AgricAdvisors sur Facebook\" target=\"_blank\" rel=\"noopener noreferrer\" href=\"https:\/\/www.facebook.com\/AgricAdvisors\" >\n\t\t\t<span>\n\t\t\t\t\t\t\t\t<span class=\"sow-icon-fontawesome sow-fab\" data-sow-icon=\"&#xf39e;\"\n\t\t \n\t\taria-hidden=\"true\"><\/span>\t\t\t\t\t\t\t<\/span>\n\t\t<\/a>\n\t\n\t\t<a class=\"ow-button-hover sow-social-media-button-linkedin-0 sow-social-media-button\" title=\"AgricAdvisors sur Linkedin\" aria-label=\"AgricAdvisors sur Linkedin\" target=\"_blank\" rel=\"noopener noreferrer\" href=\"https:\/\/www.linkedin.com\/company\/agricadvisors\" >\n\t\t\t<span>\n\t\t\t\t\t\t\t\t<span class=\"sow-icon-fontawesome sow-fab\" data-sow-icon=\"&#xf0e1;\"\n\t\t \n\t\taria-hidden=\"true\"><\/span>\t\t\t\t\t\t\t<\/span>\n\t\t<\/a>\n\t\n\t\t<a class=\"ow-button-hover sow-social-media-button-x-twitter-0 sow-social-media-button\" title=\"AgricAdvisors sur X Twitter\" aria-label=\"AgricAdvisors sur X Twitter\" target=\"_blank\" rel=\"noopener noreferrer\" href=\"https:\/\/twitter.com\/AgricAdvisors\" >\n\t\t\t<span>\n\t\t\t\t\t\t\t\t<span class=\"sow-icon-fontawesome sow-fab\" data-sow-icon=\"&#xe61b;\"\n\t\t \n\t\taria-hidden=\"true\"><\/span>\t\t\t\t\t\t\t<\/span>\n\t\t<\/a>\n\t\n\t\t<a class=\"ow-button-hover sow-social-media-button-youtube-0 sow-social-media-button\" title=\"AgricAdvisors sur Youtube\" aria-label=\"AgricAdvisors sur Youtube\" target=\"_blank\" rel=\"noopener noreferrer\" href=\"https:\/\/www.youtube.com\/@AgricAdvisors\" >\n\t\t\t<span>\n\t\t\t\t\t\t\t\t<span class=\"sow-icon-fontawesome sow-fab\" data-sow-icon=\"&#xf167;\"\n\t\t \n\t\taria-hidden=\"true\"><\/span>\t\t\t\t\t\t\t<\/span>\n\t\t<\/a>\n\t<\/div>\n<\/div><\/div><\/div><\/div><\/div><\/div><\/div>","protected":false},"excerpt":{"rendered":"<p>We are currently looking for passionate and committed Agricultural Advisors to participate in various outreach projects with farmers. If you [&hellip;]<\/p>","protected":false},"author":1,"featured_media":0,"parent":0,"menu_order":0,"comment_status":"closed","ping_status":"closed","template":"page-templates\/page_front-page.php","meta":[],"_links":{"self":[{"href":"https:\/\/www.agricadvisors.com\/fr\/wp-json\/wp\/v2\/pages\/286"}],"collection":[{"href":"https:\/\/www.agricadvisors.com\/fr\/wp-json\/wp\/v2\/pages"}],"about":[{"href":"https:\/\/www.agricadvisors.com\/fr\/wp-json\/wp\/v2\/types\/page"}],"author":[{"embeddable":true,"href":"https:\/\/www.agricadvisors.com\/fr\/wp-json\/wp\/v2\/users\/1"}],"replies":[{"embeddable":true,"href":"https:\/\/www.agricadvisors.com\/fr\/wp-json\/wp\/v2\/comments?post=286"}],"version-history":[{"count":455,"href":"https:\/\/www.agricadvisors.com\/fr\/wp-json\/wp\/v2\/pages\/286\/revisions"}],"predecessor-version":[{"id":5957,"href":"https:\/\/www.agricadvisors.com\/fr\/wp-json\/wp\/v2\/pages\/286\/revisions\/5957"}],"wp:attachment":[{"href":"https:\/\/www.agricadvisors.com\/fr\/wp-json\/wp\/v2\/media?parent=286"}],"curies":[{"name":"wp","href":"https:\/\/api.w.org\/{rel}","templated":true}]}}